{"id":2560,"date":"2024-05-25T15:56:25","date_gmt":"2024-05-25T13:56:25","guid":{"rendered":"https:\/\/www.bullstone.cz\/accesorios\/"},"modified":"2025-10-10T11:55:43","modified_gmt":"2025-10-10T09:55:43","slug":"accesorios","status":"publish","type":"page","link":"https:\/\/www.bullstone.cz\/es\/accesorios\/","title":{"rendered":"Accesorios"},"content":{"rendered":"\t\t<div data-elementor-type=\"wp-page\" data-elementor-id=\"2560\" class=\"elementor elementor-2560 elementor-9\" data-elementor-post-type=\"page\">\n\t\t\t\t<div class=\"elementor-element elementor-element-d1f5da3 e-con-full e-flex e-con e-parent\" data-id=\"d1f5da3\" data-element_type=\"container\" data-settings=\"{&quot;background_background&quot;:&quot;classic&quot;}\">\n\t\t<div class=\"elementor-element elementor-element-a8c319f e-flex e-con-boxed e-con e-child\" data-id=\"a8c319f\" data-element_type=\"container\" data-settings=\"{&quot;background_background&quot;:&quot;classic&quot;}\">\n\t\t\t\t\t<div class=\"e-con-inner\">\n\t\t\t\t<div class=\"elementor-element elementor-element-2b9d26a elementor-widget elementor-widget-heading\" data-id=\"2b9d26a\" data-element_type=\"widget\" data-widget_type=\"heading.default\">\n\t\t\t\t<div class=\"elementor-widget-container\">\n\t\t\t\t\t<div class=\"elementor-heading-title elementor-size-default\">Accesorios<\/div>\t\t\t\t<\/div>\n\t\t\t\t<\/div>\n\t\t\t\t<div class=\"elementor-element elementor-element-57a33ba elementor-widget__width-initial elementor-widget elementor-widget-heading\" data-id=\"57a33ba\" data-element_type=\"widget\" data-widget_type=\"heading.default\">\n\t\t\t\t<div class=\"elementor-widget-container\">\n\t\t\t\t\t<h1 class=\"elementor-heading-title elementor-size-default\">ACCESORIOS<br>PARA QUIOSCOS<\/h1>\t\t\t\t<\/div>\n\t\t\t\t<\/div>\n\t\t\t\t<div class=\"elementor-element elementor-element-ccc0d96 elementor-widget__width-initial elementor-widget elementor-widget-heading\" data-id=\"ccc0d96\" data-element_type=\"widget\" data-widget_type=\"heading.default\">\n\t\t\t\t<div class=\"elementor-widget-container\">\n\t\t\t\t\t<div class=\"elementor-heading-title elementor-size-default\">ampl\u00eda inteligentemente las posibilidades de uso de los quioscos<\/div>\t\t\t\t<\/div>\n\t\t\t\t<\/div>\n\t\t\t\t\t<\/div>\n\t\t\t\t<\/div>\n\t\t\t\t<\/div>\n\t\t<div class=\"elementor-element elementor-element-f736d3a e-flex e-con-boxed e-con e-parent\" data-id=\"f736d3a\" data-element_type=\"container\">\n\t\t\t\t\t<div class=\"e-con-inner\">\n\t\t\t\t<div class=\"elementor-element elementor-element-b9a961a elementor-widget__width-initial elementor-widget elementor-widget-heading\" data-id=\"b9a961a\" data-element_type=\"widget\" data-widget_type=\"heading.default\">\n\t\t\t\t<div class=\"elementor-widget-container\">\n\t\t\t\t\t<div class=\"elementor-heading-title elementor-size-default\">Los accesorios tambi\u00e9n reciben su nombre y los elegimos en funci\u00f3n de a qui\u00e9n nos recuerdan de nuestros a\u00f1os de infancia.<\/div>\t\t\t\t<\/div>\n\t\t\t\t<\/div>\n\t\t\t\t<div class=\"elementor-element elementor-element-0eb03c8 elementor-widget__width-initial elementor-widget elementor-widget-text-editor\" data-id=\"0eb03c8\" data-element_type=\"widget\" data-widget_type=\"text-editor.default\">\n\t\t\t\t<div class=\"elementor-widget-container\">\n\t\t\t\t\t\t\t\t\t<p>Uno de nosotros recordaba historias de la infancia de la televisi\u00f3n, otro recordaba a un personaje de una popular pel\u00edcula checa apreciada en el extranjero, otro recordaba a un compa\u00f1ero de clase de primer curso.<\/p>\t\t\t\t\t\t\t\t<\/div>\n\t\t\t\t<\/div>\n\t\t\t\t\t<\/div>\n\t\t\t\t<\/div>\n\t\t<div class=\"elementor-element elementor-element-4715800 e-grid product-grid e-con-boxed e-con e-parent\" data-id=\"4715800\" data-element_type=\"container\">\n\t\t\t\t\t<div class=\"e-con-inner\">\n\t\t\t\t<div class=\"elementor-element elementor-element-ca62ddb prod-thumb elementor-widget elementor-widget-image\" data-id=\"ca62ddb\" data-element_type=\"widget\" data-widget_type=\"image.default\">\n\t\t\t\t<div class=\"elementor-widget-container\">\n\t\t\t\t\t\t\t\t\t\t\t\t\t\t\t<img fetchpriority=\"high\" decoding=\"async\" width=\"800\" height=\"800\" src=\"https:\/\/www.bullstone.cz\/wp-content\/uploads\/2024\/10\/slideshow_accessorie_.svg\" class=\"attachment-large size-large wp-image-2562\" alt=\"\" \/>\t\t\t\t\t\t\t\t\t\t\t\t\t\t\t<\/div>\n\t\t\t\t<\/div>\n\t\t<div class=\"elementor-element elementor-element-8e90f08 e-con-full e-flex e-con e-child\" data-id=\"8e90f08\" data-element_type=\"container\">\n\t\t\t\t<div class=\"elementor-element elementor-element-3a5e8de slideshow_title elementor-widget elementor-widget-heading\" data-id=\"3a5e8de\" data-element_type=\"widget\" data-widget_type=\"heading.default\">\n\t\t\t\t<div class=\"elementor-widget-container\">\n\t\t\t\t\t<h3 class=\"elementor-heading-title elementor-size-default\">Bullplayer<\/h3>\t\t\t\t<\/div>\n\t\t\t\t<\/div>\n\t\t<div class=\"elementor-element elementor-element-d15c69d e-con-full e-flex e-con e-child\" data-id=\"d15c69d\" data-element_type=\"container\">\n\t\t\t\t<div class=\"elementor-element elementor-element-b3feb95 elementor-widget elementor-widget-heading\" data-id=\"b3feb95\" data-element_type=\"widget\" data-widget_type=\"heading.default\">\n\t\t\t\t<div class=\"elementor-widget-container\">\n\t\t\t\t\t<div class=\"elementor-heading-title elementor-size-default\">Reproductor Linux suministrado por Hudy Ray para el funcionamiento estable de quioscos de autoservicio u otros dispositivos<\/div>\t\t\t\t<\/div>\n\t\t\t\t<\/div>\n\t\t\t\t<\/div>\n\t\t\t\t<\/div>\n\t\t\t\t\t<\/div>\n\t\t\t\t<\/div>\n\t\t<div class=\"elementor-element elementor-element-80ee359 e-grid product-grid e-con-boxed e-con e-parent\" data-id=\"80ee359\" data-element_type=\"container\">\n\t\t\t\t\t<div class=\"e-con-inner\">\n\t\t<div class=\"elementor-element elementor-element-941cbac e-con-full e-flex e-con e-child\" data-id=\"941cbac\" data-element_type=\"container\">\n\t\t\t\t<div class=\"elementor-element elementor-element-a294b23 slideshow_title elementor-widget elementor-widget-heading\" data-id=\"a294b23\" data-element_type=\"widget\" data-widget_type=\"heading.default\">\n\t\t\t\t<div class=\"elementor-widget-container\">\n\t\t\t\t\t<h3 class=\"elementor-heading-title elementor-size-default\">Maceta<\/h3>\t\t\t\t<\/div>\n\t\t\t\t<\/div>\n\t\t<div class=\"elementor-element elementor-element-e175dbd e-con-full e-flex e-con e-child\" data-id=\"e175dbd\" data-element_type=\"container\">\n\t\t\t\t<div class=\"elementor-element elementor-element-a23761d elementor-widget elementor-widget-heading\" data-id=\"a23761d\" data-element_type=\"widget\" data-widget_type=\"heading.default\">\n\t\t\t\t<div class=\"elementor-widget-container\">\n\t\t\t\t\t<div class=\"elementor-heading-title elementor-size-default\">La jardinera a\u00f1ade un dise\u00f1o fresco al quiosco y un toque de vida a su entorno.<\/div>\t\t\t\t<\/div>\n\t\t\t\t<\/div>\n\t\t\t\t<\/div>\n\t\t\t\t<\/div>\n\t\t\t\t<div class=\"elementor-element elementor-element-2e6a0f4 prod-thumb elementor-widget elementor-widget-image\" data-id=\"2e6a0f4\" data-element_type=\"widget\" data-widget_type=\"image.default\">\n\t\t\t\t<div class=\"elementor-widget-container\">\n\t\t\t\t\t\t\t\t\t\t\t\t\t\t\t<img fetchpriority=\"high\" decoding=\"async\" width=\"800\" height=\"800\" src=\"https:\/\/www.bullstone.cz\/wp-content\/uploads\/2024\/10\/slideshow_accessorie_.svg\" class=\"attachment-large size-large wp-image-2562\" alt=\"\" \/>\t\t\t\t\t\t\t\t\t\t\t\t\t\t\t<\/div>\n\t\t\t\t<\/div>\n\t\t\t\t\t<\/div>\n\t\t\t\t<\/div>\n\t\t<div class=\"elementor-element elementor-element-f49fd91 e-grid product-grid e-con-boxed e-con e-parent\" data-id=\"f49fd91\" data-element_type=\"container\">\n\t\t\t\t\t<div class=\"e-con-inner\">\n\t\t\t\t<div class=\"elementor-element elementor-element-7d78aff prod-thumb elementor-widget elementor-widget-image\" data-id=\"7d78aff\" data-element_type=\"widget\" data-widget_type=\"image.default\">\n\t\t\t\t<div class=\"elementor-widget-container\">\n\t\t\t\t\t\t\t\t\t\t\t\t\t\t\t<img fetchpriority=\"high\" decoding=\"async\" width=\"800\" height=\"800\" src=\"https:\/\/www.bullstone.cz\/wp-content\/uploads\/2024\/10\/slideshow_accessorie_.svg\" class=\"attachment-large size-large wp-image-2562\" alt=\"\" \/>\t\t\t\t\t\t\t\t\t\t\t\t\t\t\t<\/div>\n\t\t\t\t<\/div>\n\t\t<div class=\"elementor-element elementor-element-c179cf2 e-con-full e-flex e-con e-child\" data-id=\"c179cf2\" data-element_type=\"container\">\n\t\t\t\t<div class=\"elementor-element elementor-element-16af644 slideshow_title elementor-widget elementor-widget-heading\" data-id=\"16af644\" data-element_type=\"widget\" data-widget_type=\"heading.default\">\n\t\t\t\t<div class=\"elementor-widget-container\">\n\t\t\t\t\t<h3 class=\"elementor-heading-title elementor-size-default\">Papelera<\/h3>\t\t\t\t<\/div>\n\t\t\t\t<\/div>\n\t\t<div class=\"elementor-element elementor-element-28cdefd e-con-full e-flex e-con e-child\" data-id=\"28cdefd\" data-element_type=\"container\">\n\t\t\t\t<div class=\"elementor-element elementor-element-ae3b82a elementor-widget elementor-widget-heading\" data-id=\"ae3b82a\" data-element_type=\"widget\" data-widget_type=\"heading.default\">\n\t\t\t\t<div class=\"elementor-widget-container\">\n\t\t\t\t\t<div class=\"elementor-heading-title elementor-size-default\">Un pr\u00e1ctico ayudante que ahorra espacio y tiempo.<\/div>\t\t\t\t<\/div>\n\t\t\t\t<\/div>\n\t\t\t\t<\/div>\n\t\t\t\t<\/div>\n\t\t\t\t\t<\/div>\n\t\t\t\t<\/div>\n\t\t<div class=\"elementor-element elementor-element-b40d917 e-grid product-grid e-con-boxed e-con e-parent\" data-id=\"b40d917\" data-element_type=\"container\">\n\t\t\t\t\t<div class=\"e-con-inner\">\n\t\t<div class=\"elementor-element elementor-element-f391a16 e-con-full e-flex e-con e-child\" data-id=\"f391a16\" data-element_type=\"container\">\n\t\t\t\t<div class=\"elementor-element elementor-element-53aab82 slideshow_title elementor-widget elementor-widget-heading\" data-id=\"53aab82\" data-element_type=\"widget\" data-widget_type=\"heading.default\">\n\t\t\t\t<div class=\"elementor-widget-container\">\n\t\t\t\t\t<h3 class=\"elementor-heading-title elementor-size-default\">Soporte para pantalla<\/h3>\t\t\t\t<\/div>\n\t\t\t\t<\/div>\n\t\t<div class=\"elementor-element elementor-element-b6640fc e-con-full e-flex e-con e-child\" data-id=\"b6640fc\" data-element_type=\"container\">\n\t\t\t\t<div class=\"elementor-element elementor-element-566abfc elementor-widget elementor-widget-heading\" data-id=\"566abfc\" data-element_type=\"widget\" data-widget_type=\"heading.default\">\n\t\t\t\t<div class=\"elementor-widget-container\">\n\t\t\t\t\t<div class=\"elementor-heading-title elementor-size-default\">No todos los espacios son adecuados para una pantalla de pared o techo. Entonces apreciar\u00e1s el sencillo dise\u00f1o del soporte. <\/div>\t\t\t\t<\/div>\n\t\t\t\t<\/div>\n\t\t\t\t<\/div>\n\t\t\t\t<\/div>\n\t\t\t\t<div class=\"elementor-element elementor-element-aa60e49 prod-thumb elementor-widget elementor-widget-image\" data-id=\"aa60e49\" data-element_type=\"widget\" data-widget_type=\"image.default\">\n\t\t\t\t<div class=\"elementor-widget-container\">\n\t\t\t\t\t\t\t\t\t\t\t\t\t\t\t<img fetchpriority=\"high\" decoding=\"async\" width=\"800\" height=\"800\" src=\"https:\/\/www.bullstone.cz\/wp-content\/uploads\/2024\/10\/slideshow_accessorie_.svg\" class=\"attachment-large size-large wp-image-2562\" alt=\"\" \/>\t\t\t\t\t\t\t\t\t\t\t\t\t\t\t<\/div>\n\t\t\t\t<\/div>\n\t\t\t\t\t<\/div>\n\t\t\t\t<\/div>\n\t\t<div class=\"elementor-element elementor-element-ddb5e70 e-grid product-grid e-con-boxed e-con e-parent\" data-id=\"ddb5e70\" data-element_type=\"container\">\n\t\t\t\t\t<div class=\"e-con-inner\">\n\t\t\t\t<div class=\"elementor-element elementor-element-d2d1861 prod-thumb elementor-widget elementor-widget-image\" data-id=\"d2d1861\" data-element_type=\"widget\" data-widget_type=\"image.default\">\n\t\t\t\t<div class=\"elementor-widget-container\">\n\t\t\t\t\t\t\t\t\t\t\t\t\t\t\t<img fetchpriority=\"high\" decoding=\"async\" width=\"800\" height=\"800\" src=\"https:\/\/www.bullstone.cz\/wp-content\/uploads\/2024\/10\/slideshow_accessorie_.svg\" class=\"attachment-large size-large wp-image-2562\" alt=\"\" \/>\t\t\t\t\t\t\t\t\t\t\t\t\t\t\t<\/div>\n\t\t\t\t<\/div>\n\t\t<div class=\"elementor-element elementor-element-8ba9630 e-con-full e-flex e-con e-child\" data-id=\"8ba9630\" data-element_type=\"container\">\n\t\t\t\t<div class=\"elementor-element elementor-element-dbf9ef0 slideshow_title elementor-widget elementor-widget-heading\" data-id=\"dbf9ef0\" data-element_type=\"widget\" data-widget_type=\"heading.default\">\n\t\t\t\t<div class=\"elementor-widget-container\">\n\t\t\t\t\t<h3 class=\"elementor-heading-title elementor-size-default\">Bandeja para localizadores<\/h3>\t\t\t\t<\/div>\n\t\t\t\t<\/div>\n\t\t<div class=\"elementor-element elementor-element-ec9a00a e-con-full e-flex e-con e-child\" data-id=\"ec9a00a\" data-element_type=\"container\">\n\t\t\t\t<div class=\"elementor-element elementor-element-6374e7d elementor-widget elementor-widget-heading\" data-id=\"6374e7d\" data-element_type=\"widget\" data-widget_type=\"heading.default\">\n\t\t\t\t<div class=\"elementor-widget-container\">\n\t\t\t\t\t<div class=\"elementor-heading-title elementor-size-default\">Cada vez m\u00e1s clientes intentan cambiar de local para que el personal pueda centrarse en la preparaci\u00f3n de la comida. El reparto lo hacen entonces robots. Para encontrarte bien, necesitan un localizador, y puedes encontrarlo f\u00e1cilmente y de nuevo con un bonito dise\u00f1o en el quiosco.    <\/div>\t\t\t\t<\/div>\n\t\t\t\t<\/div>\n\t\t\t\t<\/div>\n\t\t\t\t<\/div>\n\t\t\t\t\t<\/div>\n\t\t\t\t<\/div>\n\t\t<div class=\"elementor-element elementor-element-32bd02e e-flex e-con-boxed e-con e-parent\" data-id=\"32bd02e\" data-element_type=\"container\" data-settings=\"{&quot;background_background&quot;:&quot;classic&quot;}\">\n\t\t\t\t\t<div class=\"e-con-inner\">\n\t\t\t\t<div class=\"elementor-element elementor-element-135f393 elementor-widget elementor-widget-heading\" data-id=\"135f393\" data-element_type=\"widget\" data-widget_type=\"heading.default\">\n\t\t\t\t<div class=\"elementor-widget-container\">\n\t\t\t\t\t<h2 class=\"elementor-heading-title elementor-size-default\">\u00bfNecesitas consejo?\n<\/h2>\t\t\t\t<\/div>\n\t\t\t\t<\/div>\n\t\t<div class=\"elementor-element elementor-element-2bd0ba1 e-con-full e-grid e-con e-child\" data-id=\"2bd0ba1\" data-element_type=\"container\">\n\t\t\t\t<div class=\"elementor-element elementor-element-c73a09f elementor-widget__width-initial elementor-widget elementor-widget-heading\" data-id=\"c73a09f\" data-element_type=\"widget\" data-widget_type=\"heading.default\">\n\t\t\t\t<div class=\"elementor-widget-container\">\n\t\t\t\t\t<div class=\"elementor-heading-title elementor-size-default\">No dudes en ponerte en contacto con nosotros.\nEstaremos encantados de ayudarte.\n<\/div>\t\t\t\t<\/div>\n\t\t\t\t<\/div>\n\t\t\t\t<div class=\"elementor-element elementor-element-879e28d elementor-align-right elementor-mobile-align-center elementor-widget elementor-widget-button\" data-id=\"879e28d\" data-element_type=\"widget\" data-widget_type=\"button.default\">\n\t\t\t\t<div class=\"elementor-widget-container\">\n\t\t\t\t\t\t\t\t\t<div class=\"elementor-button-wrapper\">\n\t\t\t\t\t<a class=\"elementor-button elementor-button-link elementor-size-sm\" href=\"https:\/\/www.bullstone.cz\/es\/ponte-en-contacto-con\/\">\n\t\t\t\t\t\t<span class=\"elementor-button-content-wrapper\">\n\t\t\t\t\t\t\t\t\t<span class=\"elementor-button-text\">Contacta con nosotros<\/span>\n\t\t\t\t\t<\/span>\n\t\t\t\t\t<\/a>\n\t\t\t\t<\/div>\n\t\t\t\t\t\t\t\t<\/div>\n\t\t\t\t<\/div>\n\t\t\t\t<\/div>\n\t\t\t\t\t<\/div>\n\t\t\t\t<\/div>\n\t\t\t\t<\/div>\n\t\t","protected":false},"excerpt":{"rendered":"<p>Accesorios ACCESORIOSPARA QUIOSCOS ampl\u00eda inteligentemente las posibilidades de uso de los quioscos Los accesorios tambi\u00e9n reciben su nombre y los elegimos en funci\u00f3n de a qui\u00e9n nos recuerdan de nuestros a\u00f1os de infancia. Uno de nosotros recordaba historias de la infancia de la televisi\u00f3n, otro recordaba a un personaje de una popular pel\u00edcula checa apreciada [&hellip;]<\/p>\n","protected":false},"author":1,"featured_media":0,"parent":0,"menu_order":0,"comment_status":"closed","ping_status":"closed","template":"","meta":{"_acf_changed":false,"footnotes":""},"class_list":["post-2560","page","type-page","status-publish","hentry"],"acf":[],"_links":{"self":[{"href":"https:\/\/www.bullstone.cz\/es\/wp-json\/wp\/v2\/pages\/2560","targetHints":{"allow":["GET"]}}],"collection":[{"href":"https:\/\/www.bullstone.cz\/es\/wp-json\/wp\/v2\/pages"}],"about":[{"href":"https:\/\/www.bullstone.cz\/es\/wp-json\/wp\/v2\/types\/page"}],"author":[{"embeddable":true,"href":"https:\/\/www.bullstone.cz\/es\/wp-json\/wp\/v2\/users\/1"}],"replies":[{"embeddable":true,"href":"https:\/\/www.bullstone.cz\/es\/wp-json\/wp\/v2\/comments?post=2560"}],"version-history":[{"count":1,"href":"https:\/\/www.bullstone.cz\/es\/wp-json\/wp\/v2\/pages\/2560\/revisions"}],"predecessor-version":[{"id":2563,"href":"https:\/\/www.bullstone.cz\/es\/wp-json\/wp\/v2\/pages\/2560\/revisions\/2563"}],"wp:attachment":[{"href":"https:\/\/www.bullstone.cz\/es\/wp-json\/wp\/v2\/media?parent=2560"}],"curies":[{"name":"wp","href":"https:\/\/api.w.org\/{rel}","templated":true}]}}