{"id":2404,"date":"2024-05-25T16:41:00","date_gmt":"2024-05-25T14:41:00","guid":{"rendered":"https:\/\/www.bullstone.cz\/momcad\/"},"modified":"2025-10-10T11:39:47","modified_gmt":"2025-10-10T09:39:47","slug":"momcad","status":"publish","type":"page","link":"https:\/\/www.bullstone.cz\/hr\/momcad\/","title":{"rendered":"Mom\u010dad"},"content":{"rendered":"\t\t<div data-elementor-type=\"wp-page\" data-elementor-id=\"2404\" class=\"elementor elementor-2404 elementor-21\" data-elementor-post-type=\"page\">\n\t\t\t\t<div class=\"elementor-element elementor-element-0c05869 e-con-full e-flex e-con e-parent\" data-id=\"0c05869\" data-element_type=\"container\" data-settings=\"{&quot;background_background&quot;:&quot;classic&quot;}\">\n\t\t<div class=\"elementor-element elementor-element-173765e e-flex e-con-boxed e-con e-child\" data-id=\"173765e\" data-element_type=\"container\" data-settings=\"{&quot;background_background&quot;:&quot;classic&quot;}\">\n\t\t\t\t\t<div class=\"e-con-inner\">\n\t\t\t\t<div class=\"elementor-element elementor-element-002d483 elementor-widget elementor-widget-heading\" data-id=\"002d483\" data-element_type=\"widget\" data-widget_type=\"heading.default\">\n\t\t\t\t<div class=\"elementor-widget-container\">\n\t\t\t\t\t<div class=\"elementor-heading-title elementor-size-default\">Mom\u010dad<\/div>\t\t\t\t<\/div>\n\t\t\t\t<\/div>\n\t\t\t\t<div class=\"elementor-element elementor-element-55e6ca8 elementor-widget__width-initial elementor-widget elementor-widget-heading\" data-id=\"55e6ca8\" data-element_type=\"widget\" data-widget_type=\"heading.default\">\n\t\t\t\t<div class=\"elementor-widget-container\">\n\t\t\t\t\t<h1 class=\"elementor-heading-title elementor-size-default\">ONA TO MO\u017dE I ONI TO MOGU<\/h1>\t\t\t\t<\/div>\n\t\t\t\t<\/div>\n\t\t\t\t<div class=\"elementor-element elementor-element-b5976bc elementor-widget__width-initial elementor-widget elementor-widget-heading\" data-id=\"b5976bc\" data-element_type=\"widget\" data-widget_type=\"heading.default\">\n\t\t\t\t<div class=\"elementor-widget-container\">\n\t\t\t\t\t<div class=\"elementor-heading-title elementor-size-default\">Na\u0161a zajedni\u010dka misija zapo\u010dela je 2021.&nbsp;godine. U\u017eivamo u tome, a najva\u017enije je da u\u017eivaju i na\u0161i kupci. <\/div>\t\t\t\t<\/div>\n\t\t\t\t<\/div>\n\t\t\t\t\t<\/div>\n\t\t\t\t<\/div>\n\t\t\t\t<\/div>\n\t\t<div class=\"elementor-element elementor-element-1cfa848 e-flex e-con-boxed e-con e-parent\" data-id=\"1cfa848\" data-element_type=\"container\" data-settings=\"{&quot;background_background&quot;:&quot;gradient&quot;}\">\n\t\t\t\t\t<div class=\"e-con-inner\">\n\t\t\t\t<div class=\"elementor-element elementor-element-4a4f570 elementor-widget__width-initial elementor-widget elementor-widget-heading\" data-id=\"4a4f570\" data-element_type=\"widget\" data-widget_type=\"heading.default\">\n\t\t\t\t<div class=\"elementor-widget-container\">\n\t\t\t\t\t<h2 class=\"elementor-heading-title elementor-size-default\">Op\u0107enito, nije lako okupiti tim koji dobro funkcionira u svim okolnostima, posebno u na\u0161oj industriji, gdje treba imati lijep, funkcionalan dizajn i odr\u017eavati kvalitetu, brzinu i uslugu koju \u0107e kupci cijeniti.<\/h2>\t\t\t\t<\/div>\n\t\t\t\t<\/div>\n\t\t\t\t<div class=\"elementor-element elementor-element-e7f629f elementor-widget__width-initial elementor-widget elementor-widget-text-editor\" data-id=\"e7f629f\" data-element_type=\"widget\" data-widget_type=\"text-editor.default\">\n\t\t\t\t<div class=\"elementor-widget-container\">\n\t\t\t\t\t\t\t\t\t<p>S pravom smo ponosni \u0161to proizvodimo u \u010ce\u0161koj, okru\u017eeni timom ljudi, stru\u010dnjaka, od kojih svaki svakodnevno pokazuje svoju stru\u010dnost, \u0161to dovodi do besprijekornog rezultata, jer je to jedino \u0161to je va\u017eno za na\u0161 rad.<\/p>\t\t\t\t\t\t\t\t<\/div>\n\t\t\t\t<\/div>\n\t\t<div class=\"elementor-element elementor-element-1666fa8 e-grid e-con-full e-con e-child\" data-id=\"1666fa8\" data-element_type=\"container\">\n\t\t<div class=\"elementor-element elementor-element-1b883a8 e-con-full e-flex e-con e-child\" data-id=\"1b883a8\" data-element_type=\"container\">\n\t\t\t\t<div class=\"elementor-element elementor-element-555deb2 elementor-widget elementor-widget-image\" data-id=\"555deb2\" data-element_type=\"widget\" data-widget_type=\"image.default\">\n\t\t\t\t<div class=\"elementor-widget-container\">\n\t\t\t\t\t\t\t\t\t\t\t\t\t\t\t<img fetchpriority=\"high\" decoding=\"async\" width=\"388\" height=\"388\" src=\"https:\/\/www.bullstone.cz\/wp-content\/uploads\/2024\/07\/team_martin_bullstone.jpg\" class=\"attachment-large size-large wp-image-2408\" alt=\"\" srcset=\"https:\/\/www.bullstone.cz\/wp-content\/uploads\/2024\/07\/team_martin_bullstone.jpg 388w, https:\/\/www.bullstone.cz\/wp-content\/uploads\/2024\/07\/team_martin_bullstone-300x300.jpg 300w, https:\/\/www.bullstone.cz\/wp-content\/uploads\/2024\/07\/team_martin_bullstone-150x150.jpg 150w\" sizes=\"(max-width: 388px) 100vw, 388px\" \/>\t\t\t\t\t\t\t\t\t\t\t\t\t\t\t<\/div>\n\t\t\t\t<\/div>\n\t\t\t\t<div class=\"elementor-element elementor-element-eb7a14d elementor-widget elementor-widget-heading\" data-id=\"eb7a14d\" data-element_type=\"widget\" data-widget_type=\"heading.default\">\n\t\t\t\t<div class=\"elementor-widget-container\">\n\t\t\t\t\t<h2 class=\"elementor-heading-title elementor-size-default\">Martin Pigeon<\/h2>\t\t\t\t<\/div>\n\t\t\t\t<\/div>\n\t\t\t\t<\/div>\n\t\t<div class=\"elementor-element elementor-element-8c34ac3 e-con-full e-flex e-con e-child\" data-id=\"8c34ac3\" data-element_type=\"container\">\n\t\t\t\t<div class=\"elementor-element elementor-element-99d5b7b elementor-widget elementor-widget-image\" data-id=\"99d5b7b\" data-element_type=\"widget\" data-widget_type=\"image.default\">\n\t\t\t\t<div class=\"elementor-widget-container\">\n\t\t\t\t\t\t\t\t\t\t\t\t\t\t\t<img decoding=\"async\" width=\"388\" height=\"388\" src=\"https:\/\/www.bullstone.cz\/wp-content\/uploads\/2024\/07\/team_katerina_bullstone.jpg\" class=\"attachment-large size-large wp-image-2407\" alt=\"\" srcset=\"https:\/\/www.bullstone.cz\/wp-content\/uploads\/2024\/07\/team_katerina_bullstone.jpg 388w, https:\/\/www.bullstone.cz\/wp-content\/uploads\/2024\/07\/team_katerina_bullstone-300x300.jpg 300w, https:\/\/www.bullstone.cz\/wp-content\/uploads\/2024\/07\/team_katerina_bullstone-150x150.jpg 150w\" sizes=\"(max-width: 388px) 100vw, 388px\" \/>\t\t\t\t\t\t\t\t\t\t\t\t\t\t\t<\/div>\n\t\t\t\t<\/div>\n\t\t\t\t<div class=\"elementor-element elementor-element-34da9a4 elementor-widget elementor-widget-heading\" data-id=\"34da9a4\" data-element_type=\"widget\" data-widget_type=\"heading.default\">\n\t\t\t\t<div class=\"elementor-widget-container\">\n\t\t\t\t\t<h2 class=\"elementor-heading-title elementor-size-default\">Katerina Holub<\/h2>\t\t\t\t<\/div>\n\t\t\t\t<\/div>\n\t\t\t\t<\/div>\n\t\t<div class=\"elementor-element elementor-element-03b6e86 e-con-full e-flex e-con e-child\" data-id=\"03b6e86\" data-element_type=\"container\">\n\t\t\t\t<div class=\"elementor-element elementor-element-8dd2a67 elementor-widget elementor-widget-image\" data-id=\"8dd2a67\" data-element_type=\"widget\" data-widget_type=\"image.default\">\n\t\t\t\t<div class=\"elementor-widget-container\">\n\t\t\t\t\t\t\t\t\t\t\t\t\t\t\t<img decoding=\"async\" width=\"388\" height=\"388\" src=\"https:\/\/www.bullstone.cz\/wp-content\/uploads\/2024\/07\/team_patrik_bullstone.jpg\" class=\"attachment-large size-large wp-image-2406\" alt=\"\" srcset=\"https:\/\/www.bullstone.cz\/wp-content\/uploads\/2024\/07\/team_patrik_bullstone.jpg 388w, https:\/\/www.bullstone.cz\/wp-content\/uploads\/2024\/07\/team_patrik_bullstone-300x300.jpg 300w, https:\/\/www.bullstone.cz\/wp-content\/uploads\/2024\/07\/team_patrik_bullstone-150x150.jpg 150w\" sizes=\"(max-width: 388px) 100vw, 388px\" \/>\t\t\t\t\t\t\t\t\t\t\t\t\t\t\t<\/div>\n\t\t\t\t<\/div>\n\t\t\t\t<div class=\"elementor-element elementor-element-5ff2350 elementor-widget elementor-widget-heading\" data-id=\"5ff2350\" data-element_type=\"widget\" data-widget_type=\"heading.default\">\n\t\t\t\t<div class=\"elementor-widget-container\">\n\t\t\t\t\t<h2 class=\"elementor-heading-title elementor-size-default\">Patrik Re\u0161l<\/h2>\t\t\t\t<\/div>\n\t\t\t\t<\/div>\n\t\t\t\t<\/div>\n\t\t\t\t<\/div>\n\t\t\t\t\t<\/div>\n\t\t\t\t<\/div>\n\t\t<div class=\"elementor-element elementor-element-3c75304 e-flex e-con-boxed e-con e-parent\" data-id=\"3c75304\" data-element_type=\"container\">\n\t\t\t\t\t<div class=\"e-con-inner\">\n\t\t<div class=\"elementor-element elementor-element-034512c e-con-full e-flex e-con e-child\" data-id=\"034512c\" data-element_type=\"container\">\n\t\t\t\t<div class=\"elementor-element elementor-element-d23e653 elementor-widget elementor-widget-heading\" data-id=\"d23e653\" data-element_type=\"widget\" data-widget_type=\"heading.default\">\n\t\t\t\t<div class=\"elementor-widget-container\">\n\t\t\t\t\t<h2 class=\"elementor-heading-title elementor-size-default\">Na\u0161a je vizija voditi proizvodnju ure\u0111aja za samoposlu\u017eivanje bez otpada i uglji\u010dno neutralno, s&nbsp;integriranom inovativnom tehnologijom koja reagira na ljudski bioritam, odra\u017eava dru\u0161tvene potrebe korisnika i podr\u017eava poslovne ciljeve na\u0161ih kupaca.  <\/h2>\t\t\t\t<\/div>\n\t\t\t\t<\/div>\n\t\t\t\t<div class=\"elementor-element elementor-element-9e0062d elementor-widget elementor-widget-heading\" data-id=\"9e0062d\" data-element_type=\"widget\" data-widget_type=\"heading.default\">\n\t\t\t\t<div class=\"elementor-widget-container\">\n\t\t\t\t\t<h2 class=\"elementor-heading-title elementor-size-default\">Na\u0161a je ambicija opslu\u017eivati \u200b\u200bne samo tr\u017ei\u0161te u \u010ce\u0161koj i Slova\u010dkoj, ve\u0107 i druge susjedne zemlje ili dr\u017eave u isto\u010dnoj i ju\u017enoj Europi.  <\/h2>\t\t\t\t<\/div>\n\t\t\t\t<\/div>\n\t\t\t\t<div class=\"elementor-element elementor-element-94e8ae0 elementor-widget elementor-widget-heading\" data-id=\"94e8ae0\" data-element_type=\"widget\" data-widget_type=\"heading.default\">\n\t\t\t\t<div class=\"elementor-widget-container\">\n\t\t\t\t\t<h2 class=\"elementor-heading-title elementor-size-default\">Pratite nas kako ne biste ni\u0161ta propustili!<\/h2>\t\t\t\t<\/div>\n\t\t\t\t<\/div>\n\t\t\t\t<div class=\"elementor-element elementor-element-ff90155 e-grid-align-mobile-center elementor-shape-square e-grid-align-left elementor-grid-0 elementor-widget elementor-widget-social-icons\" data-id=\"ff90155\" data-element_type=\"widget\" data-widget_type=\"social-icons.default\">\n\t\t\t\t<div class=\"elementor-widget-container\">\n\t\t\t\t\t\t\t<div class=\"elementor-social-icons-wrapper elementor-grid\" role=\"list\">\n\t\t\t\t\t\t\t<span class=\"elementor-grid-item\" role=\"listitem\">\n\t\t\t\t\t<a class=\"elementor-icon elementor-social-icon elementor-social-icon-facebook-f elementor-repeater-item-993ef04\" href=\"https:\/\/www.facebook.com\/selfservicekiosk\" target=\"_blank\">\n\t\t\t\t\t\t<span class=\"elementor-screen-only\">Facebook-f<\/span>\n\t\t\t\t\t\t<svg class=\"e-font-icon-svg e-fab-facebook-f\" viewBox=\"0 0 320 512\" xmlns=\"http:\/\/www.w3.org\/2000\/svg\"><path d=\"M279.14 288l14.22-92.66h-88.91v-60.13c0-25.35 12.42-50.06 52.24-50.06h40.42V6.26S260.43 0 225.36 0c-73.22 0-121.08 44.38-121.08 124.72v70.62H22.89V288h81.39v224h100.17V288z\"><\/path><\/svg>\t\t\t\t\t<\/a>\n\t\t\t\t<\/span>\n\t\t\t\t\t\t\t<span class=\"elementor-grid-item\" role=\"listitem\">\n\t\t\t\t\t<a class=\"elementor-icon elementor-social-icon elementor-social-icon-instagram elementor-repeater-item-bd2c7be\" href=\"https:\/\/www.instagram.com\/kiosekpoint\/\" target=\"_blank\">\n\t\t\t\t\t\t<span class=\"elementor-screen-only\">Instagram<\/span>\n\t\t\t\t\t\t<svg class=\"e-font-icon-svg e-fab-instagram\" viewBox=\"0 0 448 512\" xmlns=\"http:\/\/www.w3.org\/2000\/svg\"><path d=\"M224.1 141c-63.6 0-114.9 51.3-114.9 114.9s51.3 114.9 114.9 114.9S339 319.5 339 255.9 287.7 141 224.1 141zm0 189.6c-41.1 0-74.7-33.5-74.7-74.7s33.5-74.7 74.7-74.7 74.7 33.5 74.7 74.7-33.6 74.7-74.7 74.7zm146.4-194.3c0 14.9-12 26.8-26.8 26.8-14.9 0-26.8-12-26.8-26.8s12-26.8 26.8-26.8 26.8 12 26.8 26.8zm76.1 27.2c-1.7-35.9-9.9-67.7-36.2-93.9-26.2-26.2-58-34.4-93.9-36.2-37-2.1-147.9-2.1-184.9 0-35.8 1.7-67.6 9.9-93.9 36.1s-34.4 58-36.2 93.9c-2.1 37-2.1 147.9 0 184.9 1.7 35.9 9.9 67.7 36.2 93.9s58 34.4 93.9 36.2c37 2.1 147.9 2.1 184.9 0 35.9-1.7 67.7-9.9 93.9-36.2 26.2-26.2 34.4-58 36.2-93.9 2.1-37 2.1-147.8 0-184.8zM398.8 388c-7.8 19.6-22.9 34.7-42.6 42.6-29.5 11.7-99.5 9-132.1 9s-102.7 2.6-132.1-9c-19.6-7.8-34.7-22.9-42.6-42.6-11.7-29.5-9-99.5-9-132.1s-2.6-102.7 9-132.1c7.8-19.6 22.9-34.7 42.6-42.6 29.5-11.7 99.5-9 132.1-9s102.7-2.6 132.1 9c19.6 7.8 34.7 22.9 42.6 42.6 11.7 29.5 9 99.5 9 132.1s2.7 102.7-9 132.1z\"><\/path><\/svg>\t\t\t\t\t<\/a>\n\t\t\t\t<\/span>\n\t\t\t\t\t\t\t<span class=\"elementor-grid-item\" role=\"listitem\">\n\t\t\t\t\t<a class=\"elementor-icon elementor-social-icon elementor-social-icon-linkedin-in elementor-repeater-item-e2b72b9\" href=\"https:\/\/www.linkedin.com\/company\/bullstone\/\" target=\"_blank\">\n\t\t\t\t\t\t<span class=\"elementor-screen-only\">Linkedin-in<\/span>\n\t\t\t\t\t\t<svg class=\"e-font-icon-svg e-fab-linkedin-in\" viewBox=\"0 0 448 512\" xmlns=\"http:\/\/www.w3.org\/2000\/svg\"><path d=\"M100.28 448H7.4V148.9h92.88zM53.79 108.1C24.09 108.1 0 83.5 0 53.8a53.79 53.79 0 0 1 107.58 0c0 29.7-24.1 54.3-53.79 54.3zM447.9 448h-92.68V302.4c0-34.7-.7-79.2-48.29-79.2-48.29 0-55.69 37.7-55.69 76.7V448h-92.78V148.9h89.08v40.8h1.3c12.4-23.5 42.69-48.3 87.88-48.3 94 0 111.28 61.9 111.28 142.3V448z\"><\/path><\/svg>\t\t\t\t\t<\/a>\n\t\t\t\t<\/span>\n\t\t\t\t\t<\/div>\n\t\t\t\t\t\t<\/div>\n\t\t\t\t<\/div>\n\t\t\t\t<\/div>\n\t\t\t\t\t<\/div>\n\t\t\t\t<\/div>\n\t\t<div class=\"elementor-element elementor-element-541ff37 e-flex e-con-boxed e-con e-parent\" data-id=\"541ff37\" data-element_type=\"container\" data-settings=\"{&quot;background_background&quot;:&quot;classic&quot;}\">\n\t\t\t\t\t<div class=\"e-con-inner\">\n\t\t\t\t<div class=\"elementor-element elementor-element-0bf57ab elementor-widget elementor-widget-heading\" data-id=\"0bf57ab\" data-element_type=\"widget\" data-widget_type=\"heading.default\">\n\t\t\t\t<div class=\"elementor-widget-container\">\n\t\t\t\t\t<h2 class=\"elementor-heading-title elementor-size-default\">Trebate li savjet?<\/h2>\t\t\t\t<\/div>\n\t\t\t\t<\/div>\n\t\t<div class=\"elementor-element elementor-element-8ce375a e-con-full e-grid e-con e-child\" data-id=\"8ce375a\" data-element_type=\"container\">\n\t\t\t\t<div class=\"elementor-element elementor-element-fd7714f elementor-widget__width-initial elementor-widget elementor-widget-heading\" data-id=\"fd7714f\" data-element_type=\"widget\" data-widget_type=\"heading.default\">\n\t\t\t\t<div class=\"elementor-widget-container\">\n\t\t\t\t\t<div class=\"elementor-heading-title elementor-size-default\">Slobodno nas kontaktirajte.\n Rado \u0107emo vam pomo\u0107i.<\/div>\t\t\t\t<\/div>\n\t\t\t\t<\/div>\n\t\t\t\t<div class=\"elementor-element elementor-element-f162590 elementor-align-right elementor-widget elementor-widget-button\" data-id=\"f162590\" data-element_type=\"widget\" data-widget_type=\"button.default\">\n\t\t\t\t<div class=\"elementor-widget-container\">\n\t\t\t\t\t\t\t\t\t<div class=\"elementor-button-wrapper\">\n\t\t\t\t\t<a class=\"elementor-button elementor-button-link elementor-size-sm\" href=\"https:\/\/www.bullstone.cz\/hr\/kontakt\/\">\n\t\t\t\t\t\t<span class=\"elementor-button-content-wrapper\">\n\t\t\t\t\t\t\t\t\t<span class=\"elementor-button-text\">Kontaktirajte nas<\/span>\n\t\t\t\t\t<\/span>\n\t\t\t\t\t<\/a>\n\t\t\t\t<\/div>\n\t\t\t\t\t\t\t\t<\/div>\n\t\t\t\t<\/div>\n\t\t\t\t<\/div>\n\t\t\t\t\t<\/div>\n\t\t\t\t<\/div>\n\t\t\t\t<\/div>\n\t\t","protected":false},"excerpt":{"rendered":"<p>Mom\u010dad ONA TO MO\u017dE I ONI TO MOGU Na\u0161a zajedni\u010dka misija zapo\u010dela je 2021.&nbsp;godine. U\u017eivamo u tome, a najva\u017enije je da u\u017eivaju i na\u0161i kupci. Op\u0107enito, nije lako okupiti tim koji dobro funkcionira u svim okolnostima, posebno u na\u0161oj industriji, gdje treba imati lijep, funkcionalan dizajn i odr\u017eavati kvalitetu, brzinu i uslugu koju \u0107e kupci [&hellip;]<\/p>\n","protected":false},"author":1,"featured_media":0,"parent":0,"menu_order":0,"comment_status":"closed","ping_status":"closed","template":"","meta":{"_acf_changed":false,"footnotes":""},"class_list":["post-2404","page","type-page","status-publish","hentry"],"acf":[],"_links":{"self":[{"href":"https:\/\/www.bullstone.cz\/hr\/wp-json\/wp\/v2\/pages\/2404","targetHints":{"allow":["GET"]}}],"collection":[{"href":"https:\/\/www.bullstone.cz\/hr\/wp-json\/wp\/v2\/pages"}],"about":[{"href":"https:\/\/www.bullstone.cz\/hr\/wp-json\/wp\/v2\/types\/page"}],"author":[{"embeddable":true,"href":"https:\/\/www.bullstone.cz\/hr\/wp-json\/wp\/v2\/users\/1"}],"replies":[{"embeddable":true,"href":"https:\/\/www.bullstone.cz\/hr\/wp-json\/wp\/v2\/comments?post=2404"}],"version-history":[{"count":1,"href":"https:\/\/www.bullstone.cz\/hr\/wp-json\/wp\/v2\/pages\/2404\/revisions"}],"predecessor-version":[{"id":2409,"href":"https:\/\/www.bullstone.cz\/hr\/wp-json\/wp\/v2\/pages\/2404\/revisions\/2409"}],"wp:attachment":[{"href":"https:\/\/www.bullstone.cz\/hr\/wp-json\/wp\/v2\/media?parent=2404"}],"curies":[{"name":"wp","href":"https:\/\/api.w.org\/{rel}","templated":true}]}}