{"id":2535,"date":"2024-05-25T15:56:25","date_gmt":"2024-05-25T13:56:25","guid":{"rendered":"https:\/\/www.bullstone.cz\/pribor\/"},"modified":"2025-10-10T11:52:57","modified_gmt":"2025-10-10T09:52:57","slug":"pribor","status":"publish","type":"page","link":"https:\/\/www.bullstone.cz\/hr\/pribor\/","title":{"rendered":"Pribor"},"content":{"rendered":"\t\t<div data-elementor-type=\"wp-page\" data-elementor-id=\"2535\" class=\"elementor elementor-2535 elementor-9\" data-elementor-post-type=\"page\">\n\t\t\t\t<div class=\"elementor-element elementor-element-d1f5da3 e-con-full e-flex e-con e-parent\" data-id=\"d1f5da3\" data-element_type=\"container\" data-settings=\"{&quot;background_background&quot;:&quot;classic&quot;}\">\n\t\t<div class=\"elementor-element elementor-element-a8c319f e-flex e-con-boxed e-con e-child\" data-id=\"a8c319f\" data-element_type=\"container\" data-settings=\"{&quot;background_background&quot;:&quot;classic&quot;}\">\n\t\t\t\t\t<div class=\"e-con-inner\">\n\t\t\t\t<div class=\"elementor-element elementor-element-2b9d26a elementor-widget elementor-widget-heading\" data-id=\"2b9d26a\" data-element_type=\"widget\" data-widget_type=\"heading.default\">\n\t\t\t\t<div class=\"elementor-widget-container\">\n\t\t\t\t\t<div class=\"elementor-heading-title elementor-size-default\">Pribor<\/div>\t\t\t\t<\/div>\n\t\t\t\t<\/div>\n\t\t\t\t<div class=\"elementor-element elementor-element-57a33ba elementor-widget__width-initial elementor-widget elementor-widget-heading\" data-id=\"57a33ba\" data-element_type=\"widget\" data-widget_type=\"heading.default\">\n\t\t\t\t<div class=\"elementor-widget-container\">\n\t\t\t\t\t<h1 class=\"elementor-heading-title elementor-size-default\">PRIBOR<br> DO KIOSKA<\/h1>\t\t\t\t<\/div>\n\t\t\t\t<\/div>\n\t\t\t\t<div class=\"elementor-element elementor-element-ccc0d96 elementor-widget__width-initial elementor-widget elementor-widget-heading\" data-id=\"ccc0d96\" data-element_type=\"widget\" data-widget_type=\"heading.default\">\n\t\t\t\t<div class=\"elementor-widget-container\">\n\t\t\t\t\t<div class=\"elementor-heading-title elementor-size-default\">pametno pro\u0161iruje mogu\u0107nosti daljnjeg kori\u0161tenja kioska<\/div>\t\t\t\t<\/div>\n\t\t\t\t<\/div>\n\t\t\t\t\t<\/div>\n\t\t\t\t<\/div>\n\t\t\t\t<\/div>\n\t\t<div class=\"elementor-element elementor-element-f736d3a e-flex e-con-boxed e-con e-parent\" data-id=\"f736d3a\" data-element_type=\"container\">\n\t\t\t\t\t<div class=\"e-con-inner\">\n\t\t\t\t<div class=\"elementor-element elementor-element-b9a961a elementor-widget__width-initial elementor-widget elementor-widget-heading\" data-id=\"b9a961a\" data-element_type=\"widget\" data-widget_type=\"heading.default\">\n\t\t\t\t<div class=\"elementor-widget-container\">\n\t\t\t\t\t<div class=\"elementor-heading-title elementor-size-default\">Dodaci tako\u0111er dobivaju svoja imena, a mi ih biramo na temelju toga na koga nas podsje\u0107aju iz na\u0161eg djetinjstva.<\/div>\t\t\t\t<\/div>\n\t\t\t\t<\/div>\n\t\t\t\t<div class=\"elementor-element elementor-element-0eb03c8 elementor-widget__width-initial elementor-widget elementor-widget-text-editor\" data-id=\"0eb03c8\" data-element_type=\"widget\" data-widget_type=\"text-editor.default\">\n\t\t\t\t<div class=\"elementor-widget-container\">\n\t\t\t\t\t\t\t\t\t<p>Jedan od nas se sjetio dje\u010djih pri\u010da s&nbsp;televizije, drugi se sjetio lika iz popularnog \u010de\u0161kog filma koji je bio cijenjen i u inozemstvu, a tre\u0107i kolege iz razreda iz prvog razreda.<\/p>\t\t\t\t\t\t\t\t<\/div>\n\t\t\t\t<\/div>\n\t\t\t\t\t<\/div>\n\t\t\t\t<\/div>\n\t\t<div class=\"elementor-element elementor-element-4715800 e-grid product-grid e-con-boxed e-con e-parent\" data-id=\"4715800\" data-element_type=\"container\">\n\t\t\t\t\t<div class=\"e-con-inner\">\n\t\t\t\t<div class=\"elementor-element elementor-element-ca62ddb prod-thumb elementor-widget elementor-widget-image\" data-id=\"ca62ddb\" data-element_type=\"widget\" data-widget_type=\"image.default\">\n\t\t\t\t<div class=\"elementor-widget-container\">\n\t\t\t\t\t\t\t\t\t\t\t\t\t\t\t<img fetchpriority=\"high\" decoding=\"async\" width=\"800\" height=\"800\" src=\"https:\/\/www.bullstone.cz\/wp-content\/uploads\/2024\/10\/slideshow_accessorie_.svg\" class=\"attachment-large size-large wp-image-2537\" alt=\"\" \/>\t\t\t\t\t\t\t\t\t\t\t\t\t\t\t<\/div>\n\t\t\t\t<\/div>\n\t\t<div class=\"elementor-element elementor-element-8e90f08 e-con-full e-flex e-con e-child\" data-id=\"8e90f08\" data-element_type=\"container\">\n\t\t\t\t<div class=\"elementor-element elementor-element-3a5e8de slideshow_title elementor-widget elementor-widget-heading\" data-id=\"3a5e8de\" data-element_type=\"widget\" data-widget_type=\"heading.default\">\n\t\t\t\t<div class=\"elementor-widget-container\">\n\t\t\t\t\t<h3 class=\"elementor-heading-title elementor-size-default\">Bik igra\u010d<\/h3>\t\t\t\t<\/div>\n\t\t\t\t<\/div>\n\t\t<div class=\"elementor-element elementor-element-d15c69d e-con-full e-flex e-con e-child\" data-id=\"d15c69d\" data-element_type=\"container\">\n\t\t\t\t<div class=\"elementor-element elementor-element-b3feb95 elementor-widget elementor-widget-heading\" data-id=\"b3feb95\" data-element_type=\"widget\" data-widget_type=\"heading.default\">\n\t\t\t\t<div class=\"elementor-widget-container\">\n\t\t\t\t\t<div class=\"elementor-heading-title elementor-size-default\">Linux player koji isporu\u010duje Hudy Ray kako bi se osigurao stabilan rad samouslu\u017enih kioska ili drugih ure\u0111aja<\/div>\t\t\t\t<\/div>\n\t\t\t\t<\/div>\n\t\t\t\t<\/div>\n\t\t\t\t<\/div>\n\t\t\t\t\t<\/div>\n\t\t\t\t<\/div>\n\t\t<div class=\"elementor-element elementor-element-80ee359 e-grid product-grid e-con-boxed e-con e-parent\" data-id=\"80ee359\" data-element_type=\"container\">\n\t\t\t\t\t<div class=\"e-con-inner\">\n\t\t<div class=\"elementor-element elementor-element-941cbac e-con-full e-flex e-con e-child\" data-id=\"941cbac\" data-element_type=\"container\">\n\t\t\t\t<div class=\"elementor-element elementor-element-a294b23 slideshow_title elementor-widget elementor-widget-heading\" data-id=\"a294b23\" data-element_type=\"widget\" data-widget_type=\"heading.default\">\n\t\t\t\t<div class=\"elementor-widget-container\">\n\t\t\t\t\t<h3 class=\"elementor-heading-title elementor-size-default\">Saksija za cvije\u0107e<\/h3>\t\t\t\t<\/div>\n\t\t\t\t<\/div>\n\t\t<div class=\"elementor-element elementor-element-e175dbd e-con-full e-flex e-con e-child\" data-id=\"e175dbd\" data-element_type=\"container\">\n\t\t\t\t<div class=\"elementor-element elementor-element-a23761d elementor-widget elementor-widget-heading\" data-id=\"a23761d\" data-element_type=\"widget\" data-widget_type=\"heading.default\">\n\t\t\t\t<div class=\"elementor-widget-container\">\n\t\t\t\t\t<div class=\"elementor-heading-title elementor-size-default\">Cvjetna posuda \u0107e kioscima dodati svje\u017e dizajn i da\u0161ak \u017eivota njihovoj okolini.<\/div>\t\t\t\t<\/div>\n\t\t\t\t<\/div>\n\t\t\t\t<\/div>\n\t\t\t\t<\/div>\n\t\t\t\t<div class=\"elementor-element elementor-element-2e6a0f4 prod-thumb elementor-widget elementor-widget-image\" data-id=\"2e6a0f4\" data-element_type=\"widget\" data-widget_type=\"image.default\">\n\t\t\t\t<div class=\"elementor-widget-container\">\n\t\t\t\t\t\t\t\t\t\t\t\t\t\t\t<img fetchpriority=\"high\" decoding=\"async\" width=\"800\" height=\"800\" src=\"https:\/\/www.bullstone.cz\/wp-content\/uploads\/2024\/10\/slideshow_accessorie_.svg\" class=\"attachment-large size-large wp-image-2537\" alt=\"\" \/>\t\t\t\t\t\t\t\t\t\t\t\t\t\t\t<\/div>\n\t\t\t\t<\/div>\n\t\t\t\t\t<\/div>\n\t\t\t\t<\/div>\n\t\t<div class=\"elementor-element elementor-element-f49fd91 e-grid product-grid e-con-boxed e-con e-parent\" data-id=\"f49fd91\" data-element_type=\"container\">\n\t\t\t\t\t<div class=\"e-con-inner\">\n\t\t\t\t<div class=\"elementor-element elementor-element-7d78aff prod-thumb elementor-widget elementor-widget-image\" data-id=\"7d78aff\" data-element_type=\"widget\" data-widget_type=\"image.default\">\n\t\t\t\t<div class=\"elementor-widget-container\">\n\t\t\t\t\t\t\t\t\t\t\t\t\t\t\t<img fetchpriority=\"high\" decoding=\"async\" width=\"800\" height=\"800\" src=\"https:\/\/www.bullstone.cz\/wp-content\/uploads\/2024\/10\/slideshow_accessorie_.svg\" class=\"attachment-large size-large wp-image-2537\" alt=\"\" \/>\t\t\t\t\t\t\t\t\t\t\t\t\t\t\t<\/div>\n\t\t\t\t<\/div>\n\t\t<div class=\"elementor-element elementor-element-c179cf2 e-con-full e-flex e-con e-child\" data-id=\"c179cf2\" data-element_type=\"container\">\n\t\t\t\t<div class=\"elementor-element elementor-element-16af644 slideshow_title elementor-widget elementor-widget-heading\" data-id=\"16af644\" data-element_type=\"widget\" data-widget_type=\"heading.default\">\n\t\t\t\t<div class=\"elementor-widget-container\">\n\t\t\t\t\t<h3 class=\"elementor-heading-title elementor-size-default\">Kanta za sme\u0107e<\/h3>\t\t\t\t<\/div>\n\t\t\t\t<\/div>\n\t\t<div class=\"elementor-element elementor-element-28cdefd e-con-full e-flex e-con e-child\" data-id=\"28cdefd\" data-element_type=\"container\">\n\t\t\t\t<div class=\"elementor-element elementor-element-ae3b82a elementor-widget elementor-widget-heading\" data-id=\"ae3b82a\" data-element_type=\"widget\" data-widget_type=\"heading.default\">\n\t\t\t\t<div class=\"elementor-widget-container\">\n\t\t\t\t\t<div class=\"elementor-heading-title elementor-size-default\">Prakti\u010dni pomaga\u010d koji \u0161tedi prostor i vrijeme.<\/div>\t\t\t\t<\/div>\n\t\t\t\t<\/div>\n\t\t\t\t<\/div>\n\t\t\t\t<\/div>\n\t\t\t\t\t<\/div>\n\t\t\t\t<\/div>\n\t\t<div class=\"elementor-element elementor-element-b40d917 e-grid product-grid e-con-boxed e-con e-parent\" data-id=\"b40d917\" data-element_type=\"container\">\n\t\t\t\t\t<div class=\"e-con-inner\">\n\t\t<div class=\"elementor-element elementor-element-f391a16 e-con-full e-flex e-con e-child\" data-id=\"f391a16\" data-element_type=\"container\">\n\t\t\t\t<div class=\"elementor-element elementor-element-53aab82 slideshow_title elementor-widget elementor-widget-heading\" data-id=\"53aab82\" data-element_type=\"widget\" data-widget_type=\"heading.default\">\n\t\t\t\t<div class=\"elementor-widget-container\">\n\t\t\t\t\t<h3 class=\"elementor-heading-title elementor-size-default\">Stalak za ekran<\/h3>\t\t\t\t<\/div>\n\t\t\t\t<\/div>\n\t\t<div class=\"elementor-element elementor-element-b6640fc e-con-full e-flex e-con e-child\" data-id=\"b6640fc\" data-element_type=\"container\">\n\t\t\t\t<div class=\"elementor-element elementor-element-566abfc elementor-widget elementor-widget-heading\" data-id=\"566abfc\" data-element_type=\"widget\" data-widget_type=\"heading.default\">\n\t\t\t\t<div class=\"elementor-widget-container\">\n\t\t\t\t\t<div class=\"elementor-heading-title elementor-size-default\">Nije svaki prostor prikladan za zidni ili stropni ekran. Tada \u0107ete sigurno cijeniti jednostavan, dizajnerski stalak. <\/div>\t\t\t\t<\/div>\n\t\t\t\t<\/div>\n\t\t\t\t<\/div>\n\t\t\t\t<\/div>\n\t\t\t\t<div class=\"elementor-element elementor-element-aa60e49 prod-thumb elementor-widget elementor-widget-image\" data-id=\"aa60e49\" data-element_type=\"widget\" data-widget_type=\"image.default\">\n\t\t\t\t<div class=\"elementor-widget-container\">\n\t\t\t\t\t\t\t\t\t\t\t\t\t\t\t<img fetchpriority=\"high\" decoding=\"async\" width=\"800\" height=\"800\" src=\"https:\/\/www.bullstone.cz\/wp-content\/uploads\/2024\/10\/slideshow_accessorie_.svg\" class=\"attachment-large size-large wp-image-2537\" alt=\"\" \/>\t\t\t\t\t\t\t\t\t\t\t\t\t\t\t<\/div>\n\t\t\t\t<\/div>\n\t\t\t\t\t<\/div>\n\t\t\t\t<\/div>\n\t\t<div class=\"elementor-element elementor-element-ddb5e70 e-grid product-grid e-con-boxed e-con e-parent\" data-id=\"ddb5e70\" data-element_type=\"container\">\n\t\t\t\t\t<div class=\"e-con-inner\">\n\t\t\t\t<div class=\"elementor-element elementor-element-d2d1861 prod-thumb elementor-widget elementor-widget-image\" data-id=\"d2d1861\" data-element_type=\"widget\" data-widget_type=\"image.default\">\n\t\t\t\t<div class=\"elementor-widget-container\">\n\t\t\t\t\t\t\t\t\t\t\t\t\t\t\t<img fetchpriority=\"high\" decoding=\"async\" width=\"800\" height=\"800\" src=\"https:\/\/www.bullstone.cz\/wp-content\/uploads\/2024\/10\/slideshow_accessorie_.svg\" class=\"attachment-large size-large wp-image-2537\" alt=\"\" \/>\t\t\t\t\t\t\t\t\t\t\t\t\t\t\t<\/div>\n\t\t\t\t<\/div>\n\t\t<div class=\"elementor-element elementor-element-8ba9630 e-con-full e-flex e-con e-child\" data-id=\"8ba9630\" data-element_type=\"container\">\n\t\t\t\t<div class=\"elementor-element elementor-element-dbf9ef0 slideshow_title elementor-widget elementor-widget-heading\" data-id=\"dbf9ef0\" data-element_type=\"widget\" data-widget_type=\"heading.default\">\n\t\t\t\t<div class=\"elementor-widget-container\">\n\t\t\t\t\t<h3 class=\"elementor-heading-title elementor-size-default\">Lokatorska ladica<\/h3>\t\t\t\t<\/div>\n\t\t\t\t<\/div>\n\t\t<div class=\"elementor-element elementor-element-ec9a00a e-con-full e-flex e-con e-child\" data-id=\"ec9a00a\" data-element_type=\"container\">\n\t\t\t\t<div class=\"elementor-element elementor-element-6374e7d elementor-widget elementor-widget-heading\" data-id=\"6374e7d\" data-element_type=\"widget\" data-widget_type=\"heading.default\">\n\t\t\t\t<div class=\"elementor-widget-container\">\n\t\t\t\t\t<div class=\"elementor-heading-title elementor-size-default\">Sve vi\u0161e kupaca poku\u0161ava promijeniti poslovanje kako bi se osoblje moglo usredoto\u010diti na pripremu hrane. Dostavu tada obavljaju roboti. Da bi vas dobro prona\u0161li, potreban im je lokator, a vi ga lako mo\u017eete prona\u0107i u kiosku i opet u lijepom dizajnu.    <\/div>\t\t\t\t<\/div>\n\t\t\t\t<\/div>\n\t\t\t\t<\/div>\n\t\t\t\t<\/div>\n\t\t\t\t\t<\/div>\n\t\t\t\t<\/div>\n\t\t<div class=\"elementor-element elementor-element-32bd02e e-flex e-con-boxed e-con e-parent\" data-id=\"32bd02e\" data-element_type=\"container\" data-settings=\"{&quot;background_background&quot;:&quot;classic&quot;}\">\n\t\t\t\t\t<div class=\"e-con-inner\">\n\t\t\t\t<div class=\"elementor-element elementor-element-135f393 elementor-widget elementor-widget-heading\" data-id=\"135f393\" data-element_type=\"widget\" data-widget_type=\"heading.default\">\n\t\t\t\t<div class=\"elementor-widget-container\">\n\t\t\t\t\t<h2 class=\"elementor-heading-title elementor-size-default\">Trebate li savjet?\n<\/h2>\t\t\t\t<\/div>\n\t\t\t\t<\/div>\n\t\t<div class=\"elementor-element elementor-element-2bd0ba1 e-con-full e-grid e-con e-child\" data-id=\"2bd0ba1\" data-element_type=\"container\">\n\t\t\t\t<div class=\"elementor-element elementor-element-c73a09f elementor-widget__width-initial elementor-widget elementor-widget-heading\" data-id=\"c73a09f\" data-element_type=\"widget\" data-widget_type=\"heading.default\">\n\t\t\t\t<div class=\"elementor-widget-container\">\n\t\t\t\t\t<div class=\"elementor-heading-title elementor-size-default\">Slobodno nas kontaktirajte.\n Rado \u0107emo vam pomo\u0107i.\n<\/div>\t\t\t\t<\/div>\n\t\t\t\t<\/div>\n\t\t\t\t<div class=\"elementor-element elementor-element-879e28d elementor-align-right elementor-mobile-align-center elementor-widget elementor-widget-button\" data-id=\"879e28d\" data-element_type=\"widget\" data-widget_type=\"button.default\">\n\t\t\t\t<div class=\"elementor-widget-container\">\n\t\t\t\t\t\t\t\t\t<div class=\"elementor-button-wrapper\">\n\t\t\t\t\t<a class=\"elementor-button elementor-button-link elementor-size-sm\" href=\"https:\/\/www.bullstone.cz\/hr\/kontakt\/\">\n\t\t\t\t\t\t<span class=\"elementor-button-content-wrapper\">\n\t\t\t\t\t\t\t\t\t<span class=\"elementor-button-text\">Kontaktirajte nas<\/span>\n\t\t\t\t\t<\/span>\n\t\t\t\t\t<\/a>\n\t\t\t\t<\/div>\n\t\t\t\t\t\t\t\t<\/div>\n\t\t\t\t<\/div>\n\t\t\t\t<\/div>\n\t\t\t\t\t<\/div>\n\t\t\t\t<\/div>\n\t\t\t\t<\/div>\n\t\t","protected":false},"excerpt":{"rendered":"<p>Pribor PRIBOR DO KIOSKA pametno pro\u0161iruje mogu\u0107nosti daljnjeg kori\u0161tenja kioska Dodaci tako\u0111er dobivaju svoja imena, a mi ih biramo na temelju toga na koga nas podsje\u0107aju iz na\u0161eg djetinjstva. Jedan od nas se sjetio dje\u010djih pri\u010da s&nbsp;televizije, drugi se sjetio lika iz popularnog \u010de\u0161kog filma koji je bio cijenjen i u inozemstvu, a tre\u0107i kolege [&hellip;]<\/p>\n","protected":false},"author":1,"featured_media":0,"parent":0,"menu_order":0,"comment_status":"closed","ping_status":"closed","template":"","meta":{"_acf_changed":false,"footnotes":""},"class_list":["post-2535","page","type-page","status-publish","hentry"],"acf":[],"_links":{"self":[{"href":"https:\/\/www.bullstone.cz\/hr\/wp-json\/wp\/v2\/pages\/2535","targetHints":{"allow":["GET"]}}],"collection":[{"href":"https:\/\/www.bullstone.cz\/hr\/wp-json\/wp\/v2\/pages"}],"about":[{"href":"https:\/\/www.bullstone.cz\/hr\/wp-json\/wp\/v2\/types\/page"}],"author":[{"embeddable":true,"href":"https:\/\/www.bullstone.cz\/hr\/wp-json\/wp\/v2\/users\/1"}],"replies":[{"embeddable":true,"href":"https:\/\/www.bullstone.cz\/hr\/wp-json\/wp\/v2\/comments?post=2535"}],"version-history":[{"count":1,"href":"https:\/\/www.bullstone.cz\/hr\/wp-json\/wp\/v2\/pages\/2535\/revisions"}],"predecessor-version":[{"id":2538,"href":"https:\/\/www.bullstone.cz\/hr\/wp-json\/wp\/v2\/pages\/2535\/revisions\/2538"}],"wp:attachment":[{"href":"https:\/\/www.bullstone.cz\/hr\/wp-json\/wp\/v2\/media?parent=2535"}],"curies":[{"name":"wp","href":"https:\/\/api.w.org\/{rel}","templated":true}]}}