{"id":2382,"date":"2024-05-25T16:41:15","date_gmt":"2024-05-25T14:41:15","guid":{"rendered":"https:\/\/www.bullstone.cz\/kontakt\/"},"modified":"2025-10-10T11:37:59","modified_gmt":"2025-10-10T09:37:59","slug":"kontakt","status":"publish","type":"page","link":"https:\/\/www.bullstone.cz\/hu\/kontakt\/","title":{"rendered":"Kontakt"},"content":{"rendered":"\t\t<div data-elementor-type=\"wp-page\" data-elementor-id=\"2382\" class=\"elementor elementor-2382 elementor-23\" data-elementor-post-type=\"page\">\n\t\t\t\t<div class=\"elementor-element elementor-element-1796fb63 e-con-full e-flex e-con e-parent\" data-id=\"1796fb63\" data-element_type=\"container\" data-settings=\"{&quot;background_background&quot;:&quot;classic&quot;}\">\n\t\t<div class=\"elementor-element elementor-element-66773d42 e-flex e-con-boxed e-con e-child\" data-id=\"66773d42\" data-element_type=\"container\" data-settings=\"{&quot;background_background&quot;:&quot;classic&quot;}\">\n\t\t\t\t\t<div class=\"e-con-inner\">\n\t\t\t\t<div class=\"elementor-element elementor-element-54f3b851 elementor-widget elementor-widget-heading\" data-id=\"54f3b851\" data-element_type=\"widget\" data-widget_type=\"heading.default\">\n\t\t\t\t<div class=\"elementor-widget-container\">\n\t\t\t\t\t<div class=\"elementor-heading-title elementor-size-default\">SZOLG\u00c1LTAT\u00c1S<\/div>\t\t\t\t<\/div>\n\t\t\t\t<\/div>\n\t\t\t\t<div class=\"elementor-element elementor-element-3a2ccae0 elementor-widget elementor-widget-heading\" data-id=\"3a2ccae0\" data-element_type=\"widget\" data-widget_type=\"heading.default\">\n\t\t\t\t<div class=\"elementor-widget-container\">\n\t\t\t\t\t<h1 class=\"elementor-heading-title elementor-size-default\">SZOLG\u00c1LTAT\u00c1S 24\/7<\/h1>\t\t\t\t<\/div>\n\t\t\t\t<\/div>\n\t\t\t\t<div class=\"elementor-element elementor-element-37d4ec1a elementor-widget__width-initial elementor-widget elementor-widget-heading\" data-id=\"37d4ec1a\" data-element_type=\"widget\" data-widget_type=\"heading.default\">\n\t\t\t\t<div class=\"elementor-widget-container\">\n\t\t\t\t\t<div class=\"elementor-heading-title elementor-size-default\">Sz\u00e1ll\u00edtunk Csehorsz\u00e1gon bel\u00fcl, eg\u00e9sz Eur\u00f3p\u00e1ban, bele\u00e9rtve az Egyes\u00fclt Kir\u00e1lys\u00e1got \u00e9s az USA-t is.<\/div>\t\t\t\t<\/div>\n\t\t\t\t<\/div>\n\t\t\t\t\t<\/div>\n\t\t\t\t<\/div>\n\t\t<div class=\"elementor-element elementor-element-243f380 e-con-full e-flex e-con e-child\" data-id=\"243f380\" data-element_type=\"container\">\n\t\t<div class=\"elementor-element elementor-element-6520ec9 e-grid kiosk-bar e-con-boxed e-con e-child\" data-id=\"6520ec9\" data-element_type=\"container\">\n\t\t\t\t\t<div class=\"e-con-inner\">\n\t\t<div class=\"elementor-element elementor-element-cd74dd1 e-con-full e-flex e-con e-child\" data-id=\"cd74dd1\" data-element_type=\"container\">\n\t\t\t\t<div class=\"elementor-element elementor-element-b8a5942 elementor-widget elementor-widget-heading\" data-id=\"b8a5942\" data-element_type=\"widget\" data-widget_type=\"heading.default\">\n\t\t\t\t<div class=\"elementor-widget-container\">\n\t\t\t\t\t<h4 class=\"elementor-heading-title elementor-size-default\">Kapcsolatfelv\u00e9tel<\/h4>\t\t\t\t<\/div>\n\t\t\t\t<\/div>\n\t\t\t\t<div class=\"elementor-element elementor-element-6e71e63 elementor-widget elementor-widget-heading\" data-id=\"6e71e63\" data-element_type=\"widget\" data-widget_type=\"heading.default\">\n\t\t\t\t<div class=\"elementor-widget-container\">\n\t\t\t\t\t<div class=\"elementor-heading-title elementor-size-default\"><a href=\"tel:+420%20608%20804%20000\">+420&nbsp;608&nbsp;804&nbsp;000<\/a><\/div>\t\t\t\t<\/div>\n\t\t\t\t<\/div>\n\t\t\t\t<\/div>\n\t\t<div class=\"elementor-element elementor-element-dde3d81 e-con-full e-flex e-con e-child\" data-id=\"dde3d81\" data-element_type=\"container\">\n\t\t\t\t<div class=\"elementor-element elementor-element-6d2cbfb elementor-widget elementor-widget-heading\" data-id=\"6d2cbfb\" data-element_type=\"widget\" data-widget_type=\"heading.default\">\n\t\t\t\t<div class=\"elementor-widget-container\">\n\t\t\t\t\t<h4 class=\"elementor-heading-title elementor-size-default\">24\/7 szolg\u00e1ltat\u00e1s<\/h4>\t\t\t\t<\/div>\n\t\t\t\t<\/div>\n\t\t\t\t<div class=\"elementor-element elementor-element-d18784c elementor-widget elementor-widget-heading\" data-id=\"d18784c\" data-element_type=\"widget\" data-widget_type=\"heading.default\">\n\t\t\t\t<div class=\"elementor-widget-container\">\n\t\t\t\t\t<div class=\"elementor-heading-title elementor-size-default\"><a href=\"tel:+420%20608%20804%20000\">+420&nbsp;605&nbsp;595&nbsp;485<\/a><\/div>\t\t\t\t<\/div>\n\t\t\t\t<\/div>\n\t\t\t\t<\/div>\n\t\t<div class=\"elementor-element elementor-element-03cf717 e-con-full e-flex e-con e-child\" data-id=\"03cf717\" data-element_type=\"container\">\n\t\t\t\t<div class=\"elementor-element elementor-element-2f9fbbf elementor-widget elementor-widget-heading\" data-id=\"2f9fbbf\" data-element_type=\"widget\" data-widget_type=\"heading.default\">\n\t\t\t\t<div class=\"elementor-widget-container\">\n\t\t\t\t\t<h4 class=\"elementor-heading-title elementor-size-default\">24 \u00f3r\u00e1n bel\u00fcl v\u00e1laszolunk<\/h4>\t\t\t\t<\/div>\n\t\t\t\t<\/div>\n\t\t\t\t<div class=\"elementor-element elementor-element-9cb8316 elementor-widget elementor-widget-heading\" data-id=\"9cb8316\" data-element_type=\"widget\" data-widget_type=\"heading.default\">\n\t\t\t\t<div class=\"elementor-widget-container\">\n\t\t\t\t\t<div class=\"elementor-heading-title elementor-size-default\"><a href=\"mailto:katerina.holub@bullstone.cz\">helpdesk@bullstone.cz<\/a><\/div>\t\t\t\t<\/div>\n\t\t\t\t<\/div>\n\t\t\t\t<\/div>\n\t\t\t\t\t<\/div>\n\t\t\t\t<\/div>\n\t\t\t\t<\/div>\n\t\t\t\t<\/div>\n\t\t<div class=\"elementor-element elementor-element-dc97aa6 e-flex e-con-boxed e-con e-parent\" data-id=\"dc97aa6\" data-element_type=\"container\">\n\t\t\t\t\t<div class=\"e-con-inner\">\n\t\t\t\t<div class=\"elementor-element elementor-element-1dcc621 elementor-widget elementor-widget-heading\" data-id=\"1dcc621\" data-element_type=\"widget\" data-widget_type=\"heading.default\">\n\t\t\t\t<div class=\"elementor-widget-container\">\n\t\t\t\t\t<h2 class=\"elementor-heading-title elementor-size-default\">K\u00f6vessen minket!<\/h2>\t\t\t\t<\/div>\n\t\t\t\t<\/div>\n\t\t\t\t<div class=\"elementor-element elementor-element-10892cb elementor-widget elementor-widget-heading\" data-id=\"10892cb\" data-element_type=\"widget\" data-widget_type=\"heading.default\">\n\t\t\t\t<div class=\"elementor-widget-container\">\n\t\t\t\t\t<h2 class=\"elementor-heading-title elementor-size-default\">Ne maradjon le semmilyen h\u00edrr\u0151l.<\/h2>\t\t\t\t<\/div>\n\t\t\t\t<\/div>\n\t\t\t\t<div class=\"elementor-element elementor-element-7321e32 e-grid-align-mobile-center elementor-shape-square elementor-grid-0 e-grid-align-center elementor-widget elementor-widget-social-icons\" data-id=\"7321e32\" data-element_type=\"widget\" data-widget_type=\"social-icons.default\">\n\t\t\t\t<div class=\"elementor-widget-container\">\n\t\t\t\t\t\t\t<div class=\"elementor-social-icons-wrapper elementor-grid\" role=\"list\">\n\t\t\t\t\t\t\t<span class=\"elementor-grid-item\" role=\"listitem\">\n\t\t\t\t\t<a class=\"elementor-icon elementor-social-icon elementor-social-icon-facebook-f elementor-repeater-item-993ef04\" href=\"https:\/\/www.facebook.com\/selfservicekiosk\" target=\"_blank\">\n\t\t\t\t\t\t<span class=\"elementor-screen-only\">Facebook-f<\/span>\n\t\t\t\t\t\t<svg class=\"e-font-icon-svg e-fab-facebook-f\" viewBox=\"0 0 320 512\" xmlns=\"http:\/\/www.w3.org\/2000\/svg\"><path d=\"M279.14 288l14.22-92.66h-88.91v-60.13c0-25.35 12.42-50.06 52.24-50.06h40.42V6.26S260.43 0 225.36 0c-73.22 0-121.08 44.38-121.08 124.72v70.62H22.89V288h81.39v224h100.17V288z\"><\/path><\/svg>\t\t\t\t\t<\/a>\n\t\t\t\t<\/span>\n\t\t\t\t\t\t\t<span class=\"elementor-grid-item\" role=\"listitem\">\n\t\t\t\t\t<a class=\"elementor-icon elementor-social-icon elementor-social-icon-instagram elementor-repeater-item-bd2c7be\" href=\"https:\/\/www.instagram.com\/kiosekpoint\/\" target=\"_blank\">\n\t\t\t\t\t\t<span class=\"elementor-screen-only\">Instagram<\/span>\n\t\t\t\t\t\t<svg class=\"e-font-icon-svg e-fab-instagram\" viewBox=\"0 0 448 512\" xmlns=\"http:\/\/www.w3.org\/2000\/svg\"><path d=\"M224.1 141c-63.6 0-114.9 51.3-114.9 114.9s51.3 114.9 114.9 114.9S339 319.5 339 255.9 287.7 141 224.1 141zm0 189.6c-41.1 0-74.7-33.5-74.7-74.7s33.5-74.7 74.7-74.7 74.7 33.5 74.7 74.7-33.6 74.7-74.7 74.7zm146.4-194.3c0 14.9-12 26.8-26.8 26.8-14.9 0-26.8-12-26.8-26.8s12-26.8 26.8-26.8 26.8 12 26.8 26.8zm76.1 27.2c-1.7-35.9-9.9-67.7-36.2-93.9-26.2-26.2-58-34.4-93.9-36.2-37-2.1-147.9-2.1-184.9 0-35.8 1.7-67.6 9.9-93.9 36.1s-34.4 58-36.2 93.9c-2.1 37-2.1 147.9 0 184.9 1.7 35.9 9.9 67.7 36.2 93.9s58 34.4 93.9 36.2c37 2.1 147.9 2.1 184.9 0 35.9-1.7 67.7-9.9 93.9-36.2 26.2-26.2 34.4-58 36.2-93.9 2.1-37 2.1-147.8 0-184.8zM398.8 388c-7.8 19.6-22.9 34.7-42.6 42.6-29.5 11.7-99.5 9-132.1 9s-102.7 2.6-132.1-9c-19.6-7.8-34.7-22.9-42.6-42.6-11.7-29.5-9-99.5-9-132.1s-2.6-102.7 9-132.1c7.8-19.6 22.9-34.7 42.6-42.6 29.5-11.7 99.5-9 132.1-9s102.7-2.6 132.1 9c19.6 7.8 34.7 22.9 42.6 42.6 11.7 29.5 9 99.5 9 132.1s2.7 102.7-9 132.1z\"><\/path><\/svg>\t\t\t\t\t<\/a>\n\t\t\t\t<\/span>\n\t\t\t\t\t\t\t<span class=\"elementor-grid-item\" role=\"listitem\">\n\t\t\t\t\t<a class=\"elementor-icon elementor-social-icon elementor-social-icon-linkedin-in elementor-repeater-item-e2b72b9\" href=\"https:\/\/www.linkedin.com\/company\/bullstone\/\" target=\"_blank\">\n\t\t\t\t\t\t<span class=\"elementor-screen-only\">Linkedin-in<\/span>\n\t\t\t\t\t\t<svg class=\"e-font-icon-svg e-fab-linkedin-in\" viewBox=\"0 0 448 512\" xmlns=\"http:\/\/www.w3.org\/2000\/svg\"><path d=\"M100.28 448H7.4V148.9h92.88zM53.79 108.1C24.09 108.1 0 83.5 0 53.8a53.79 53.79 0 0 1 107.58 0c0 29.7-24.1 54.3-53.79 54.3zM447.9 448h-92.68V302.4c0-34.7-.7-79.2-48.29-79.2-48.29 0-55.69 37.7-55.69 76.7V448h-92.78V148.9h89.08v40.8h1.3c12.4-23.5 42.69-48.3 87.88-48.3 94 0 111.28 61.9 111.28 142.3V448z\"><\/path><\/svg>\t\t\t\t\t<\/a>\n\t\t\t\t<\/span>\n\t\t\t\t\t<\/div>\n\t\t\t\t\t\t<\/div>\n\t\t\t\t<\/div>\n\t\t\t\t\t<\/div>\n\t\t\t\t<\/div>\n\t\t<div class=\"elementor-element elementor-element-6dbf005 e-flex e-con-boxed e-con e-parent\" data-id=\"6dbf005\" data-element_type=\"container\" data-settings=\"{&quot;background_background&quot;:&quot;classic&quot;}\">\n\t\t\t\t\t<div class=\"e-con-inner\">\n\t\t\t\t<div class=\"elementor-element elementor-element-34a083e elementor-widget elementor-widget-heading\" data-id=\"34a083e\" data-element_type=\"widget\" data-widget_type=\"heading.default\">\n\t\t\t\t<div class=\"elementor-widget-container\">\n\t\t\t\t\t<h3 class=\"elementor-heading-title elementor-size-default\">Sz\u00e1ml\u00e1z\u00e1si inform\u00e1ci\u00f3k<\/h3>\t\t\t\t<\/div>\n\t\t\t\t<\/div>\n\t\t<div class=\"elementor-element elementor-element-328493f e-grid e-con-full e-con e-child\" data-id=\"328493f\" data-element_type=\"container\">\n\t\t<div class=\"elementor-element elementor-element-f6f994b e-con-full e-flex e-con e-child\" data-id=\"f6f994b\" data-element_type=\"container\">\n\t\t\t\t<div class=\"elementor-element elementor-element-df3a083 elementor-widget elementor-widget-text-editor\" data-id=\"df3a083\" data-element_type=\"widget\" data-widget_type=\"text-editor.default\">\n\t\t\t\t<div class=\"elementor-widget-container\">\n\t\t\t\t\t\t\t\t\t<p><strong>Bullstone s.r.o.<\/strong><br>Ovocn\u00fd trh 572\/11, 11000 Pr\u00e1ga<\/p>\t\t\t\t\t\t\t\t<\/div>\n\t\t\t\t<\/div>\n\t\t\t\t<\/div>\n\t\t<div class=\"elementor-element elementor-element-fc17f72 e-con-full e-flex e-con e-child\" data-id=\"fc17f72\" data-element_type=\"container\">\n\t\t\t\t<div class=\"elementor-element elementor-element-dd0eb5c elementor-widget elementor-widget-text-editor\" data-id=\"dd0eb5c\" data-element_type=\"widget\" data-widget_type=\"text-editor.default\">\n\t\t\t\t<div class=\"elementor-widget-container\">\n\t\t\t\t\t\t\t\t\t<p>AZONOS\u00cdT\u00d3: 108&nbsp;11&nbsp;982<br>DIC: CZ10811982<\/p>\t\t\t\t\t\t\t\t<\/div>\n\t\t\t\t<\/div>\n\t\t\t\t<\/div>\n\t\t<div class=\"elementor-element elementor-element-675cbdd e-con-full e-flex e-con e-child\" data-id=\"675cbdd\" data-element_type=\"container\">\n\t\t\t\t<div class=\"elementor-element elementor-element-2be6941 elementor-widget elementor-widget-text-editor\" data-id=\"2be6941\" data-element_type=\"widget\" data-widget_type=\"text-editor.default\">\n\t\t\t\t<div class=\"elementor-widget-container\">\n\t\t\t\t\t\t\t\t\t<p>A t\u00e1rsas\u00e1g be van jegyezve a pr\u00e1gai V\u00e1rosi B\u00edr\u00f3s\u00e1gon vezetett kereskedelmi nyilv\u00e1ntart\u00e1sba, C r\u00e9szleg, 348881, f\u00e1jl.<\/p><p> <\/p>\t\t\t\t\t\t\t\t<\/div>\n\t\t\t\t<\/div>\n\t\t\t\t<\/div>\n\t\t\t\t<\/div>\n\t\t\t\t\t<\/div>\n\t\t\t\t<\/div>\n\t\t\t\t<\/div>\n\t\t","protected":false},"excerpt":{"rendered":"<p>SZOLG\u00c1LTAT\u00c1S SZOLG\u00c1LTAT\u00c1S 24\/7 Sz\u00e1ll\u00edtunk Csehorsz\u00e1gon bel\u00fcl, eg\u00e9sz Eur\u00f3p\u00e1ban, bele\u00e9rtve az Egyes\u00fclt Kir\u00e1lys\u00e1got \u00e9s az USA-t is. Kapcsolatfelv\u00e9tel +420&nbsp;608&nbsp;804&nbsp;000&nbsp;24\/7 szolg\u00e1ltat\u00e1s +420&nbsp;605&nbsp;595&nbsp;485&nbsp;24 \u00f3r\u00e1n bel\u00fcl v\u00e1laszolunk helpdesk@bullstone.cz K\u00f6vessen minket! Ne maradjon le semmilyen h\u00edrr\u0151l. Facebook-f Instagram Linkedin-in Sz\u00e1ml\u00e1z\u00e1si inform\u00e1ci\u00f3k Bullstone s.r.o.Ovocn\u00fd trh 572\/11, 11000 Pr\u00e1ga AZONOS\u00cdT\u00d3: 108&nbsp;11&nbsp;982DIC: CZ10811982 A t\u00e1rsas\u00e1g be van jegyezve a pr\u00e1gai V\u00e1rosi [&hellip;]<\/p>\n","protected":false},"author":1,"featured_media":0,"parent":0,"menu_order":0,"comment_status":"closed","ping_status":"closed","template":"","meta":{"_acf_changed":false,"footnotes":""},"class_list":["post-2382","page","type-page","status-publish","hentry"],"acf":[],"_links":{"self":[{"href":"https:\/\/www.bullstone.cz\/hu\/wp-json\/wp\/v2\/pages\/2382","targetHints":{"allow":["GET"]}}],"collection":[{"href":"https:\/\/www.bullstone.cz\/hu\/wp-json\/wp\/v2\/pages"}],"about":[{"href":"https:\/\/www.bullstone.cz\/hu\/wp-json\/wp\/v2\/types\/page"}],"author":[{"embeddable":true,"href":"https:\/\/www.bullstone.cz\/hu\/wp-json\/wp\/v2\/users\/1"}],"replies":[{"embeddable":true,"href":"https:\/\/www.bullstone.cz\/hu\/wp-json\/wp\/v2\/comments?post=2382"}],"version-history":[{"count":1,"href":"https:\/\/www.bullstone.cz\/hu\/wp-json\/wp\/v2\/pages\/2382\/revisions"}],"predecessor-version":[{"id":2384,"href":"https:\/\/www.bullstone.cz\/hu\/wp-json\/wp\/v2\/pages\/2382\/revisions\/2384"}],"wp:attachment":[{"href":"https:\/\/www.bullstone.cz\/hu\/wp-json\/wp\/v2\/media?parent=2382"}],"curies":[{"name":"wp","href":"https:\/\/api.w.org\/{rel}","templated":true}]}}