{"id":2548,"date":"2024-05-25T15:56:25","date_gmt":"2024-05-25T13:56:25","guid":{"rendered":"https:\/\/www.bullstone.cz\/tartozekok\/"},"modified":"2025-10-10T11:53:30","modified_gmt":"2025-10-10T09:53:30","slug":"tartozekok","status":"publish","type":"page","link":"https:\/\/www.bullstone.cz\/hu\/tartozekok\/","title":{"rendered":"Tartoz\u00e9kok"},"content":{"rendered":"\t\t<div data-elementor-type=\"wp-page\" data-elementor-id=\"2548\" class=\"elementor elementor-2548 elementor-9\" data-elementor-post-type=\"page\">\n\t\t\t\t<div class=\"elementor-element elementor-element-d1f5da3 e-con-full e-flex e-con e-parent\" data-id=\"d1f5da3\" data-element_type=\"container\" data-settings=\"{&quot;background_background&quot;:&quot;classic&quot;}\">\n\t\t<div class=\"elementor-element elementor-element-a8c319f e-flex e-con-boxed e-con e-child\" data-id=\"a8c319f\" data-element_type=\"container\" data-settings=\"{&quot;background_background&quot;:&quot;classic&quot;}\">\n\t\t\t\t\t<div class=\"e-con-inner\">\n\t\t\t\t<div class=\"elementor-element elementor-element-2b9d26a elementor-widget elementor-widget-heading\" data-id=\"2b9d26a\" data-element_type=\"widget\" data-widget_type=\"heading.default\">\n\t\t\t\t<div class=\"elementor-widget-container\">\n\t\t\t\t\t<div class=\"elementor-heading-title elementor-size-default\">Tartoz\u00e9kok<\/div>\t\t\t\t<\/div>\n\t\t\t\t<\/div>\n\t\t\t\t<div class=\"elementor-element elementor-element-57a33ba elementor-widget__width-initial elementor-widget elementor-widget-heading\" data-id=\"57a33ba\" data-element_type=\"widget\" data-widget_type=\"heading.default\">\n\t\t\t\t<div class=\"elementor-widget-container\">\n\t\t\t\t\t<h1 class=\"elementor-heading-title elementor-size-default\">TARTOZ\u00c9KOK<br>KIOSZKOKHOZ<\/h1>\t\t\t\t<\/div>\n\t\t\t\t<\/div>\n\t\t\t\t<div class=\"elementor-element elementor-element-ccc0d96 elementor-widget__width-initial elementor-widget elementor-widget-heading\" data-id=\"ccc0d96\" data-element_type=\"widget\" data-widget_type=\"heading.default\">\n\t\t\t\t<div class=\"elementor-widget-container\">\n\t\t\t\t\t<div class=\"elementor-heading-title elementor-size-default\">okosan kiterjeszti a kioszkok tov\u00e1bbi felhaszn\u00e1l\u00e1si lehet\u0151s\u00e9geit<\/div>\t\t\t\t<\/div>\n\t\t\t\t<\/div>\n\t\t\t\t\t<\/div>\n\t\t\t\t<\/div>\n\t\t\t\t<\/div>\n\t\t<div class=\"elementor-element elementor-element-f736d3a e-flex e-con-boxed e-con e-parent\" data-id=\"f736d3a\" data-element_type=\"container\">\n\t\t\t\t\t<div class=\"e-con-inner\">\n\t\t\t\t<div class=\"elementor-element elementor-element-b9a961a elementor-widget__width-initial elementor-widget elementor-widget-heading\" data-id=\"b9a961a\" data-element_type=\"widget\" data-widget_type=\"heading.default\">\n\t\t\t\t<div class=\"elementor-widget-container\">\n\t\t\t\t\t<div class=\"elementor-heading-title elementor-size-default\">A kieg\u00e9sz\u00edt\u0151k is kapnak nevet, \u00e9s aszerint v\u00e1lasztjuk ki \u0151ket, hogy kire eml\u00e9keztetnek minket a gyermekkorunkb\u00f3l.<\/div>\t\t\t\t<\/div>\n\t\t\t\t<\/div>\n\t\t\t\t<div class=\"elementor-element elementor-element-0eb03c8 elementor-widget__width-initial elementor-widget elementor-widget-text-editor\" data-id=\"0eb03c8\" data-element_type=\"widget\" data-widget_type=\"text-editor.default\">\n\t\t\t\t<div class=\"elementor-widget-container\">\n\t\t\t\t\t\t\t\t\t<p>Egyik\u00fcnknek a telev\u00edzi\u00f3ban l\u00e1tott gyerekkori t\u00f6rt\u00e9netek jutottak esz\u00e9be, egy m\u00e1sikunknak egy k\u00fclf\u00f6ld\u00f6n elismert, n\u00e9pszer\u0171 cseh film szerepl\u0151je, egy m\u00e1sikunknak pedig egy els\u0151 oszt\u00e1lyos oszt\u00e1lyt\u00e1rsunk.<\/p>\t\t\t\t\t\t\t\t<\/div>\n\t\t\t\t<\/div>\n\t\t\t\t\t<\/div>\n\t\t\t\t<\/div>\n\t\t<div class=\"elementor-element elementor-element-4715800 e-grid product-grid e-con-boxed e-con e-parent\" data-id=\"4715800\" data-element_type=\"container\">\n\t\t\t\t\t<div class=\"e-con-inner\">\n\t\t\t\t<div class=\"elementor-element elementor-element-ca62ddb prod-thumb elementor-widget elementor-widget-image\" data-id=\"ca62ddb\" data-element_type=\"widget\" data-widget_type=\"image.default\">\n\t\t\t\t<div class=\"elementor-widget-container\">\n\t\t\t\t\t\t\t\t\t\t\t\t\t\t\t<img fetchpriority=\"high\" decoding=\"async\" width=\"800\" height=\"800\" src=\"https:\/\/www.bullstone.cz\/wp-content\/uploads\/2024\/10\/slideshow_accessorie_.svg\" class=\"attachment-large size-large wp-image-2550\" alt=\"\" \/>\t\t\t\t\t\t\t\t\t\t\t\t\t\t\t<\/div>\n\t\t\t\t<\/div>\n\t\t<div class=\"elementor-element elementor-element-8e90f08 e-con-full e-flex e-con e-child\" data-id=\"8e90f08\" data-element_type=\"container\">\n\t\t\t\t<div class=\"elementor-element elementor-element-3a5e8de slideshow_title elementor-widget elementor-widget-heading\" data-id=\"3a5e8de\" data-element_type=\"widget\" data-widget_type=\"heading.default\">\n\t\t\t\t<div class=\"elementor-widget-container\">\n\t\t\t\t\t<h3 class=\"elementor-heading-title elementor-size-default\">Bullplayer<\/h3>\t\t\t\t<\/div>\n\t\t\t\t<\/div>\n\t\t<div class=\"elementor-element elementor-element-d15c69d e-con-full e-flex e-con e-child\" data-id=\"d15c69d\" data-element_type=\"container\">\n\t\t\t\t<div class=\"elementor-element elementor-element-b3feb95 elementor-widget elementor-widget-heading\" data-id=\"b3feb95\" data-element_type=\"widget\" data-widget_type=\"heading.default\">\n\t\t\t\t<div class=\"elementor-widget-container\">\n\t\t\t\t\t<div class=\"elementor-heading-title elementor-size-default\">A Hudy Ray \u00e1ltal sz\u00e1ll\u00edtott Linux lej\u00e1tsz\u00f3 az \u00f6nkiszolg\u00e1l\u00f3 kioszkok vagy m\u00e1s eszk\u00f6z\u00f6k stabil m\u0171k\u00f6d\u00e9s\u00e9hez<\/div>\t\t\t\t<\/div>\n\t\t\t\t<\/div>\n\t\t\t\t<\/div>\n\t\t\t\t<\/div>\n\t\t\t\t\t<\/div>\n\t\t\t\t<\/div>\n\t\t<div class=\"elementor-element elementor-element-80ee359 e-grid product-grid e-con-boxed e-con e-parent\" data-id=\"80ee359\" data-element_type=\"container\">\n\t\t\t\t\t<div class=\"e-con-inner\">\n\t\t<div class=\"elementor-element elementor-element-941cbac e-con-full e-flex e-con e-child\" data-id=\"941cbac\" data-element_type=\"container\">\n\t\t\t\t<div class=\"elementor-element elementor-element-a294b23 slideshow_title elementor-widget elementor-widget-heading\" data-id=\"a294b23\" data-element_type=\"widget\" data-widget_type=\"heading.default\">\n\t\t\t\t<div class=\"elementor-widget-container\">\n\t\t\t\t\t<h3 class=\"elementor-heading-title elementor-size-default\">Vir\u00e1gcser\u00e9p<\/h3>\t\t\t\t<\/div>\n\t\t\t\t<\/div>\n\t\t<div class=\"elementor-element elementor-element-e175dbd e-con-full e-flex e-con e-child\" data-id=\"e175dbd\" data-element_type=\"container\">\n\t\t\t\t<div class=\"elementor-element elementor-element-a23761d elementor-widget elementor-widget-heading\" data-id=\"a23761d\" data-element_type=\"widget\" data-widget_type=\"heading.default\">\n\t\t\t\t<div class=\"elementor-widget-container\">\n\t\t\t\t\t<div class=\"elementor-heading-title elementor-size-default\">A n\u00f6v\u00e9nytart\u00f3 friss diz\u00e1jnt k\u00f6lcs\u00f6n\u00f6z a kioszknak, \u00e9s \u00e9letet visz a k\u00f6rnyezet\u00e9be.<\/div>\t\t\t\t<\/div>\n\t\t\t\t<\/div>\n\t\t\t\t<\/div>\n\t\t\t\t<\/div>\n\t\t\t\t<div class=\"elementor-element elementor-element-2e6a0f4 prod-thumb elementor-widget elementor-widget-image\" data-id=\"2e6a0f4\" data-element_type=\"widget\" data-widget_type=\"image.default\">\n\t\t\t\t<div class=\"elementor-widget-container\">\n\t\t\t\t\t\t\t\t\t\t\t\t\t\t\t<img fetchpriority=\"high\" decoding=\"async\" width=\"800\" height=\"800\" src=\"https:\/\/www.bullstone.cz\/wp-content\/uploads\/2024\/10\/slideshow_accessorie_.svg\" class=\"attachment-large size-large wp-image-2550\" alt=\"\" \/>\t\t\t\t\t\t\t\t\t\t\t\t\t\t\t<\/div>\n\t\t\t\t<\/div>\n\t\t\t\t\t<\/div>\n\t\t\t\t<\/div>\n\t\t<div class=\"elementor-element elementor-element-f49fd91 e-grid product-grid e-con-boxed e-con e-parent\" data-id=\"f49fd91\" data-element_type=\"container\">\n\t\t\t\t\t<div class=\"e-con-inner\">\n\t\t\t\t<div class=\"elementor-element elementor-element-7d78aff prod-thumb elementor-widget elementor-widget-image\" data-id=\"7d78aff\" data-element_type=\"widget\" data-widget_type=\"image.default\">\n\t\t\t\t<div class=\"elementor-widget-container\">\n\t\t\t\t\t\t\t\t\t\t\t\t\t\t\t<img fetchpriority=\"high\" decoding=\"async\" width=\"800\" height=\"800\" src=\"https:\/\/www.bullstone.cz\/wp-content\/uploads\/2024\/10\/slideshow_accessorie_.svg\" class=\"attachment-large size-large wp-image-2550\" alt=\"\" \/>\t\t\t\t\t\t\t\t\t\t\t\t\t\t\t<\/div>\n\t\t\t\t<\/div>\n\t\t<div class=\"elementor-element elementor-element-c179cf2 e-con-full e-flex e-con e-child\" data-id=\"c179cf2\" data-element_type=\"container\">\n\t\t\t\t<div class=\"elementor-element elementor-element-16af644 slideshow_title elementor-widget elementor-widget-heading\" data-id=\"16af644\" data-element_type=\"widget\" data-widget_type=\"heading.default\">\n\t\t\t\t<div class=\"elementor-widget-container\">\n\t\t\t\t\t<h3 class=\"elementor-heading-title elementor-size-default\">Hullad\u00e9kgy\u0171jt\u0151<\/h3>\t\t\t\t<\/div>\n\t\t\t\t<\/div>\n\t\t<div class=\"elementor-element elementor-element-28cdefd e-con-full e-flex e-con e-child\" data-id=\"28cdefd\" data-element_type=\"container\">\n\t\t\t\t<div class=\"elementor-element elementor-element-ae3b82a elementor-widget elementor-widget-heading\" data-id=\"ae3b82a\" data-element_type=\"widget\" data-widget_type=\"heading.default\">\n\t\t\t\t<div class=\"elementor-widget-container\">\n\t\t\t\t\t<div class=\"elementor-heading-title elementor-size-default\">Praktikus seg\u00edt\u0151, amely helyet \u00e9s id\u0151t takar\u00edt meg.<\/div>\t\t\t\t<\/div>\n\t\t\t\t<\/div>\n\t\t\t\t<\/div>\n\t\t\t\t<\/div>\n\t\t\t\t\t<\/div>\n\t\t\t\t<\/div>\n\t\t<div class=\"elementor-element elementor-element-b40d917 e-grid product-grid e-con-boxed e-con e-parent\" data-id=\"b40d917\" data-element_type=\"container\">\n\t\t\t\t\t<div class=\"e-con-inner\">\n\t\t<div class=\"elementor-element elementor-element-f391a16 e-con-full e-flex e-con e-child\" data-id=\"f391a16\" data-element_type=\"container\">\n\t\t\t\t<div class=\"elementor-element elementor-element-53aab82 slideshow_title elementor-widget elementor-widget-heading\" data-id=\"53aab82\" data-element_type=\"widget\" data-widget_type=\"heading.default\">\n\t\t\t\t<div class=\"elementor-widget-container\">\n\t\t\t\t\t<h3 class=\"elementor-heading-title elementor-size-default\">\u00c1llv\u00e1ny a k\u00e9perny\u0151h\u00f6z<\/h3>\t\t\t\t<\/div>\n\t\t\t\t<\/div>\n\t\t<div class=\"elementor-element elementor-element-b6640fc e-con-full e-flex e-con e-child\" data-id=\"b6640fc\" data-element_type=\"container\">\n\t\t\t\t<div class=\"elementor-element elementor-element-566abfc elementor-widget elementor-widget-heading\" data-id=\"566abfc\" data-element_type=\"widget\" data-widget_type=\"heading.default\">\n\t\t\t\t<div class=\"elementor-widget-container\">\n\t\t\t\t\t<div class=\"elementor-heading-title elementor-size-default\">Nem minden hely alkalmas fali vagy mennyezeti k\u00e9perny\u0151 elhelyez\u00e9s\u00e9re. Akkor \u00e9rt\u00e9kelni fogja az egyszer\u0171 \u00e1llv\u00e1nykialak\u00edt\u00e1st. <\/div>\t\t\t\t<\/div>\n\t\t\t\t<\/div>\n\t\t\t\t<\/div>\n\t\t\t\t<\/div>\n\t\t\t\t<div class=\"elementor-element elementor-element-aa60e49 prod-thumb elementor-widget elementor-widget-image\" data-id=\"aa60e49\" data-element_type=\"widget\" data-widget_type=\"image.default\">\n\t\t\t\t<div class=\"elementor-widget-container\">\n\t\t\t\t\t\t\t\t\t\t\t\t\t\t\t<img fetchpriority=\"high\" decoding=\"async\" width=\"800\" height=\"800\" src=\"https:\/\/www.bullstone.cz\/wp-content\/uploads\/2024\/10\/slideshow_accessorie_.svg\" class=\"attachment-large size-large wp-image-2550\" alt=\"\" \/>\t\t\t\t\t\t\t\t\t\t\t\t\t\t\t<\/div>\n\t\t\t\t<\/div>\n\t\t\t\t\t<\/div>\n\t\t\t\t<\/div>\n\t\t<div class=\"elementor-element elementor-element-ddb5e70 e-grid product-grid e-con-boxed e-con e-parent\" data-id=\"ddb5e70\" data-element_type=\"container\">\n\t\t\t\t\t<div class=\"e-con-inner\">\n\t\t\t\t<div class=\"elementor-element elementor-element-d2d1861 prod-thumb elementor-widget elementor-widget-image\" data-id=\"d2d1861\" data-element_type=\"widget\" data-widget_type=\"image.default\">\n\t\t\t\t<div class=\"elementor-widget-container\">\n\t\t\t\t\t\t\t\t\t\t\t\t\t\t\t<img fetchpriority=\"high\" decoding=\"async\" width=\"800\" height=\"800\" src=\"https:\/\/www.bullstone.cz\/wp-content\/uploads\/2024\/10\/slideshow_accessorie_.svg\" class=\"attachment-large size-large wp-image-2550\" alt=\"\" \/>\t\t\t\t\t\t\t\t\t\t\t\t\t\t\t<\/div>\n\t\t\t\t<\/div>\n\t\t<div class=\"elementor-element elementor-element-8ba9630 e-con-full e-flex e-con e-child\" data-id=\"8ba9630\" data-element_type=\"container\">\n\t\t\t\t<div class=\"elementor-element elementor-element-dbf9ef0 slideshow_title elementor-widget elementor-widget-heading\" data-id=\"dbf9ef0\" data-element_type=\"widget\" data-widget_type=\"heading.default\">\n\t\t\t\t<div class=\"elementor-widget-container\">\n\t\t\t\t\t<h3 class=\"elementor-heading-title elementor-size-default\">T\u00e1lca a lok\u00e1torokhoz<\/h3>\t\t\t\t<\/div>\n\t\t\t\t<\/div>\n\t\t<div class=\"elementor-element elementor-element-ec9a00a e-con-full e-flex e-con e-child\" data-id=\"ec9a00a\" data-element_type=\"container\">\n\t\t\t\t<div class=\"elementor-element elementor-element-6374e7d elementor-widget elementor-widget-heading\" data-id=\"6374e7d\" data-element_type=\"widget\" data-widget_type=\"heading.default\">\n\t\t\t\t<div class=\"elementor-widget-container\">\n\t\t\t\t\t<div class=\"elementor-heading-title elementor-size-default\">Egyre t\u00f6bb \u00fcgyf\u00e9l pr\u00f3b\u00e1lja megv\u00e1ltoztatni a helyis\u00e9geit, hogy a szem\u00e9lyzet az \u00e9telk\u00e9sz\u00edt\u00e9sre koncentr\u00e1lhasson. A kisz\u00e1ll\u00edt\u00e1st ezut\u00e1n robotok v\u00e9gzik. Ahhoz, hogy j\u00f3l megtal\u00e1lj\u00e1k, sz\u00fcks\u00e9g\u00fck van egy lok\u00e1torra, \u00e9s k\u00f6nnyen \u00e9s ism\u00e9t sz\u00e9p kivitelben megtal\u00e1lj\u00e1k a kioszkban.    <\/div>\t\t\t\t<\/div>\n\t\t\t\t<\/div>\n\t\t\t\t<\/div>\n\t\t\t\t<\/div>\n\t\t\t\t\t<\/div>\n\t\t\t\t<\/div>\n\t\t<div class=\"elementor-element elementor-element-32bd02e e-flex e-con-boxed e-con e-parent\" data-id=\"32bd02e\" data-element_type=\"container\" data-settings=\"{&quot;background_background&quot;:&quot;classic&quot;}\">\n\t\t\t\t\t<div class=\"e-con-inner\">\n\t\t\t\t<div class=\"elementor-element elementor-element-135f393 elementor-widget elementor-widget-heading\" data-id=\"135f393\" data-element_type=\"widget\" data-widget_type=\"heading.default\">\n\t\t\t\t<div class=\"elementor-widget-container\">\n\t\t\t\t\t<h2 class=\"elementor-heading-title elementor-size-default\">Tan\u00e1csra van sz\u00fcks\u00e9ge?\n<\/h2>\t\t\t\t<\/div>\n\t\t\t\t<\/div>\n\t\t<div class=\"elementor-element elementor-element-2bd0ba1 e-con-full e-grid e-con e-child\" data-id=\"2bd0ba1\" data-element_type=\"container\">\n\t\t\t\t<div class=\"elementor-element elementor-element-c73a09f elementor-widget__width-initial elementor-widget elementor-widget-heading\" data-id=\"c73a09f\" data-element_type=\"widget\" data-widget_type=\"heading.default\">\n\t\t\t\t<div class=\"elementor-widget-container\">\n\t\t\t\t\t<div class=\"elementor-heading-title elementor-size-default\">Ne habozzon kapcsolatba l\u00e9pni vel\u00fcnk.\nSz\u00edvesen seg\u00edt\u00fcnk \u00d6nnek.\n<\/div>\t\t\t\t<\/div>\n\t\t\t\t<\/div>\n\t\t\t\t<div class=\"elementor-element elementor-element-879e28d elementor-align-right elementor-mobile-align-center elementor-widget elementor-widget-button\" data-id=\"879e28d\" data-element_type=\"widget\" data-widget_type=\"button.default\">\n\t\t\t\t<div class=\"elementor-widget-container\">\n\t\t\t\t\t\t\t\t\t<div class=\"elementor-button-wrapper\">\n\t\t\t\t\t<a class=\"elementor-button elementor-button-link elementor-size-sm\" href=\"https:\/\/www.bullstone.cz\/hu\/kontakt\/\">\n\t\t\t\t\t\t<span class=\"elementor-button-content-wrapper\">\n\t\t\t\t\t\t\t\t\t<span class=\"elementor-button-text\">Kapcsolatfelv\u00e9tel<\/span>\n\t\t\t\t\t<\/span>\n\t\t\t\t\t<\/a>\n\t\t\t\t<\/div>\n\t\t\t\t\t\t\t\t<\/div>\n\t\t\t\t<\/div>\n\t\t\t\t<\/div>\n\t\t\t\t\t<\/div>\n\t\t\t\t<\/div>\n\t\t\t\t<\/div>\n\t\t","protected":false},"excerpt":{"rendered":"<p>Tartoz\u00e9kok TARTOZ\u00c9KOKKIOSZKOKHOZ okosan kiterjeszti a kioszkok tov\u00e1bbi felhaszn\u00e1l\u00e1si lehet\u0151s\u00e9geit A kieg\u00e9sz\u00edt\u0151k is kapnak nevet, \u00e9s aszerint v\u00e1lasztjuk ki \u0151ket, hogy kire eml\u00e9keztetnek minket a gyermekkorunkb\u00f3l. Egyik\u00fcnknek a telev\u00edzi\u00f3ban l\u00e1tott gyerekkori t\u00f6rt\u00e9netek jutottak esz\u00e9be, egy m\u00e1sikunknak egy k\u00fclf\u00f6ld\u00f6n elismert, n\u00e9pszer\u0171 cseh film szerepl\u0151je, egy m\u00e1sikunknak pedig egy els\u0151 oszt\u00e1lyos oszt\u00e1lyt\u00e1rsunk. Bullplayer A Hudy Ray \u00e1ltal sz\u00e1ll\u00edtott [&hellip;]<\/p>\n","protected":false},"author":1,"featured_media":0,"parent":0,"menu_order":0,"comment_status":"closed","ping_status":"closed","template":"","meta":{"_acf_changed":false,"footnotes":""},"class_list":["post-2548","page","type-page","status-publish","hentry"],"acf":[],"_links":{"self":[{"href":"https:\/\/www.bullstone.cz\/hu\/wp-json\/wp\/v2\/pages\/2548","targetHints":{"allow":["GET"]}}],"collection":[{"href":"https:\/\/www.bullstone.cz\/hu\/wp-json\/wp\/v2\/pages"}],"about":[{"href":"https:\/\/www.bullstone.cz\/hu\/wp-json\/wp\/v2\/types\/page"}],"author":[{"embeddable":true,"href":"https:\/\/www.bullstone.cz\/hu\/wp-json\/wp\/v2\/users\/1"}],"replies":[{"embeddable":true,"href":"https:\/\/www.bullstone.cz\/hu\/wp-json\/wp\/v2\/comments?post=2548"}],"version-history":[{"count":1,"href":"https:\/\/www.bullstone.cz\/hu\/wp-json\/wp\/v2\/pages\/2548\/revisions"}],"predecessor-version":[{"id":2551,"href":"https:\/\/www.bullstone.cz\/hu\/wp-json\/wp\/v2\/pages\/2548\/revisions\/2551"}],"wp:attachment":[{"href":"https:\/\/www.bullstone.cz\/hu\/wp-json\/wp\/v2\/media?parent=2548"}],"curies":[{"name":"wp","href":"https:\/\/api.w.org\/{rel}","templated":true}]}}