{"id":2544,"date":"2024-05-25T15:56:25","date_gmt":"2024-05-25T13:56:25","guid":{"rendered":"https:\/\/www.bullstone.cz\/akcesoria\/"},"modified":"2025-10-10T11:53:30","modified_gmt":"2025-10-10T09:53:30","slug":"akcesoria","status":"publish","type":"page","link":"https:\/\/www.bullstone.cz\/pl\/akcesoria\/","title":{"rendered":"Akcesoria"},"content":{"rendered":"\t\t<div data-elementor-type=\"wp-page\" data-elementor-id=\"2544\" class=\"elementor elementor-2544 elementor-9\" data-elementor-post-type=\"page\">\n\t\t\t\t<div class=\"elementor-element elementor-element-d1f5da3 e-con-full e-flex e-con e-parent\" data-id=\"d1f5da3\" data-element_type=\"container\" data-settings=\"{&quot;background_background&quot;:&quot;classic&quot;}\">\n\t\t<div class=\"elementor-element elementor-element-a8c319f e-flex e-con-boxed e-con e-child\" data-id=\"a8c319f\" data-element_type=\"container\" data-settings=\"{&quot;background_background&quot;:&quot;classic&quot;}\">\n\t\t\t\t\t<div class=\"e-con-inner\">\n\t\t\t\t<div class=\"elementor-element elementor-element-2b9d26a elementor-widget elementor-widget-heading\" data-id=\"2b9d26a\" data-element_type=\"widget\" data-widget_type=\"heading.default\">\n\t\t\t\t<div class=\"elementor-widget-container\">\n\t\t\t\t\t<div class=\"elementor-heading-title elementor-size-default\">Akcesoria<\/div>\t\t\t\t<\/div>\n\t\t\t\t<\/div>\n\t\t\t\t<div class=\"elementor-element elementor-element-57a33ba elementor-widget__width-initial elementor-widget elementor-widget-heading\" data-id=\"57a33ba\" data-element_type=\"widget\" data-widget_type=\"heading.default\">\n\t\t\t\t<div class=\"elementor-widget-container\">\n\t\t\t\t\t<h1 class=\"elementor-heading-title elementor-size-default\">AKCESORIA<br>DLA KIOSK\u00d3W<\/h1>\t\t\t\t<\/div>\n\t\t\t\t<\/div>\n\t\t\t\t<div class=\"elementor-element elementor-element-ccc0d96 elementor-widget__width-initial elementor-widget elementor-widget-heading\" data-id=\"ccc0d96\" data-element_type=\"widget\" data-widget_type=\"heading.default\">\n\t\t\t\t<div class=\"elementor-widget-container\">\n\t\t\t\t\t<div class=\"elementor-heading-title elementor-size-default\">sprytnie rozszerza mo\u017cliwo\u015bci dalszego wykorzystania kiosk\u00f3w<\/div>\t\t\t\t<\/div>\n\t\t\t\t<\/div>\n\t\t\t\t\t<\/div>\n\t\t\t\t<\/div>\n\t\t\t\t<\/div>\n\t\t<div class=\"elementor-element elementor-element-f736d3a e-flex e-con-boxed e-con e-parent\" data-id=\"f736d3a\" data-element_type=\"container\">\n\t\t\t\t\t<div class=\"e-con-inner\">\n\t\t\t\t<div class=\"elementor-element elementor-element-b9a961a elementor-widget__width-initial elementor-widget elementor-widget-heading\" data-id=\"b9a961a\" data-element_type=\"widget\" data-widget_type=\"heading.default\">\n\t\t\t\t<div class=\"elementor-widget-container\">\n\t\t\t\t\t<div class=\"elementor-heading-title elementor-size-default\">Akcesoria otrzymuj\u0105 r\u00f3wnie\u017c swoje imiona i wybieramy je zgodnie z&nbsp;tym, kogo przypominaj\u0105 nam z&nbsp;dzieci\u0144stwa.<\/div>\t\t\t\t<\/div>\n\t\t\t\t<\/div>\n\t\t\t\t<div class=\"elementor-element elementor-element-0eb03c8 elementor-widget__width-initial elementor-widget elementor-widget-text-editor\" data-id=\"0eb03c8\" data-element_type=\"widget\" data-widget_type=\"text-editor.default\">\n\t\t\t\t<div class=\"elementor-widget-container\">\n\t\t\t\t\t\t\t\t\t<p>Jeden z&nbsp;nas przypomnia\u0142 sobie historie z&nbsp;dzieci\u0144stwa z&nbsp;telewizji, inny posta\u0107 z&nbsp;popularnego czeskiego filmu docenionego za granic\u0105, jeszcze inny koleg\u0119 z&nbsp;pierwszej klasy.<\/p>\t\t\t\t\t\t\t\t<\/div>\n\t\t\t\t<\/div>\n\t\t\t\t\t<\/div>\n\t\t\t\t<\/div>\n\t\t<div class=\"elementor-element elementor-element-4715800 e-grid product-grid e-con-boxed e-con e-parent\" data-id=\"4715800\" data-element_type=\"container\">\n\t\t\t\t\t<div class=\"e-con-inner\">\n\t\t\t\t<div class=\"elementor-element elementor-element-ca62ddb prod-thumb elementor-widget elementor-widget-image\" data-id=\"ca62ddb\" data-element_type=\"widget\" data-widget_type=\"image.default\">\n\t\t\t\t<div class=\"elementor-widget-container\">\n\t\t\t\t\t\t\t\t\t\t\t\t\t\t\t<img fetchpriority=\"high\" decoding=\"async\" width=\"800\" height=\"800\" src=\"https:\/\/www.bullstone.cz\/wp-content\/uploads\/2024\/10\/slideshow_accessorie_.svg\" class=\"attachment-large size-large wp-image-2546\" alt=\"\" \/>\t\t\t\t\t\t\t\t\t\t\t\t\t\t\t<\/div>\n\t\t\t\t<\/div>\n\t\t<div class=\"elementor-element elementor-element-8e90f08 e-con-full e-flex e-con e-child\" data-id=\"8e90f08\" data-element_type=\"container\">\n\t\t\t\t<div class=\"elementor-element elementor-element-3a5e8de slideshow_title elementor-widget elementor-widget-heading\" data-id=\"3a5e8de\" data-element_type=\"widget\" data-widget_type=\"heading.default\">\n\t\t\t\t<div class=\"elementor-widget-container\">\n\t\t\t\t\t<h3 class=\"elementor-heading-title elementor-size-default\">Bullplayer<\/h3>\t\t\t\t<\/div>\n\t\t\t\t<\/div>\n\t\t<div class=\"elementor-element elementor-element-d15c69d e-con-full e-flex e-con e-child\" data-id=\"d15c69d\" data-element_type=\"container\">\n\t\t\t\t<div class=\"elementor-element elementor-element-b3feb95 elementor-widget elementor-widget-heading\" data-id=\"b3feb95\" data-element_type=\"widget\" data-widget_type=\"heading.default\">\n\t\t\t\t<div class=\"elementor-widget-container\">\n\t\t\t\t\t<div class=\"elementor-heading-title elementor-size-default\">Odtwarzacz Linux dostarczony przez Hudy Ray zapewnia stabilne dzia\u0142anie kiosk\u00f3w samoobs\u0142ugowych lub innych urz\u0105dze\u0144<\/div>\t\t\t\t<\/div>\n\t\t\t\t<\/div>\n\t\t\t\t<\/div>\n\t\t\t\t<\/div>\n\t\t\t\t\t<\/div>\n\t\t\t\t<\/div>\n\t\t<div class=\"elementor-element elementor-element-80ee359 e-grid product-grid e-con-boxed e-con e-parent\" data-id=\"80ee359\" data-element_type=\"container\">\n\t\t\t\t\t<div class=\"e-con-inner\">\n\t\t<div class=\"elementor-element elementor-element-941cbac e-con-full e-flex e-con e-child\" data-id=\"941cbac\" data-element_type=\"container\">\n\t\t\t\t<div class=\"elementor-element elementor-element-a294b23 slideshow_title elementor-widget elementor-widget-heading\" data-id=\"a294b23\" data-element_type=\"widget\" data-widget_type=\"heading.default\">\n\t\t\t\t<div class=\"elementor-widget-container\">\n\t\t\t\t\t<h3 class=\"elementor-heading-title elementor-size-default\">Doniczka<\/h3>\t\t\t\t<\/div>\n\t\t\t\t<\/div>\n\t\t<div class=\"elementor-element elementor-element-e175dbd e-con-full e-flex e-con e-child\" data-id=\"e175dbd\" data-element_type=\"container\">\n\t\t\t\t<div class=\"elementor-element elementor-element-a23761d elementor-widget elementor-widget-heading\" data-id=\"a23761d\" data-element_type=\"widget\" data-widget_type=\"heading.default\">\n\t\t\t\t<div class=\"elementor-widget-container\">\n\t\t\t\t\t<div class=\"elementor-heading-title elementor-size-default\">Sadzarka nadaje kioskowi \u015bwie\u017cy wygl\u0105d i o\u017cywia jego otoczenie.<\/div>\t\t\t\t<\/div>\n\t\t\t\t<\/div>\n\t\t\t\t<\/div>\n\t\t\t\t<\/div>\n\t\t\t\t<div class=\"elementor-element elementor-element-2e6a0f4 prod-thumb elementor-widget elementor-widget-image\" data-id=\"2e6a0f4\" data-element_type=\"widget\" data-widget_type=\"image.default\">\n\t\t\t\t<div class=\"elementor-widget-container\">\n\t\t\t\t\t\t\t\t\t\t\t\t\t\t\t<img fetchpriority=\"high\" decoding=\"async\" width=\"800\" height=\"800\" src=\"https:\/\/www.bullstone.cz\/wp-content\/uploads\/2024\/10\/slideshow_accessorie_.svg\" class=\"attachment-large size-large wp-image-2546\" alt=\"\" \/>\t\t\t\t\t\t\t\t\t\t\t\t\t\t\t<\/div>\n\t\t\t\t<\/div>\n\t\t\t\t\t<\/div>\n\t\t\t\t<\/div>\n\t\t<div class=\"elementor-element elementor-element-f49fd91 e-grid product-grid e-con-boxed e-con e-parent\" data-id=\"f49fd91\" data-element_type=\"container\">\n\t\t\t\t\t<div class=\"e-con-inner\">\n\t\t\t\t<div class=\"elementor-element elementor-element-7d78aff prod-thumb elementor-widget elementor-widget-image\" data-id=\"7d78aff\" data-element_type=\"widget\" data-widget_type=\"image.default\">\n\t\t\t\t<div class=\"elementor-widget-container\">\n\t\t\t\t\t\t\t\t\t\t\t\t\t\t\t<img fetchpriority=\"high\" decoding=\"async\" width=\"800\" height=\"800\" src=\"https:\/\/www.bullstone.cz\/wp-content\/uploads\/2024\/10\/slideshow_accessorie_.svg\" class=\"attachment-large size-large wp-image-2546\" alt=\"\" \/>\t\t\t\t\t\t\t\t\t\t\t\t\t\t\t<\/div>\n\t\t\t\t<\/div>\n\t\t<div class=\"elementor-element elementor-element-c179cf2 e-con-full e-flex e-con e-child\" data-id=\"c179cf2\" data-element_type=\"container\">\n\t\t\t\t<div class=\"elementor-element elementor-element-16af644 slideshow_title elementor-widget elementor-widget-heading\" data-id=\"16af644\" data-element_type=\"widget\" data-widget_type=\"heading.default\">\n\t\t\t\t<div class=\"elementor-widget-container\">\n\t\t\t\t\t<h3 class=\"elementor-heading-title elementor-size-default\">Pojemnik na odpady<\/h3>\t\t\t\t<\/div>\n\t\t\t\t<\/div>\n\t\t<div class=\"elementor-element elementor-element-28cdefd e-con-full e-flex e-con e-child\" data-id=\"28cdefd\" data-element_type=\"container\">\n\t\t\t\t<div class=\"elementor-element elementor-element-ae3b82a elementor-widget elementor-widget-heading\" data-id=\"ae3b82a\" data-element_type=\"widget\" data-widget_type=\"heading.default\">\n\t\t\t\t<div class=\"elementor-widget-container\">\n\t\t\t\t\t<div class=\"elementor-heading-title elementor-size-default\">Praktyczny pomocnik, kt\u00f3ry oszcz\u0119dza miejsce i czas.<\/div>\t\t\t\t<\/div>\n\t\t\t\t<\/div>\n\t\t\t\t<\/div>\n\t\t\t\t<\/div>\n\t\t\t\t\t<\/div>\n\t\t\t\t<\/div>\n\t\t<div class=\"elementor-element elementor-element-b40d917 e-grid product-grid e-con-boxed e-con e-parent\" data-id=\"b40d917\" data-element_type=\"container\">\n\t\t\t\t\t<div class=\"e-con-inner\">\n\t\t<div class=\"elementor-element elementor-element-f391a16 e-con-full e-flex e-con e-child\" data-id=\"f391a16\" data-element_type=\"container\">\n\t\t\t\t<div class=\"elementor-element elementor-element-53aab82 slideshow_title elementor-widget elementor-widget-heading\" data-id=\"53aab82\" data-element_type=\"widget\" data-widget_type=\"heading.default\">\n\t\t\t\t<div class=\"elementor-widget-container\">\n\t\t\t\t\t<h3 class=\"elementor-heading-title elementor-size-default\">Stojak na ekran<\/h3>\t\t\t\t<\/div>\n\t\t\t\t<\/div>\n\t\t<div class=\"elementor-element elementor-element-b6640fc e-con-full e-flex e-con e-child\" data-id=\"b6640fc\" data-element_type=\"container\">\n\t\t\t\t<div class=\"elementor-element elementor-element-566abfc elementor-widget elementor-widget-heading\" data-id=\"566abfc\" data-element_type=\"widget\" data-widget_type=\"heading.default\">\n\t\t\t\t<div class=\"elementor-widget-container\">\n\t\t\t\t\t<div class=\"elementor-heading-title elementor-size-default\">Nie ka\u017cda przestrze\u0144 nadaje si\u0119 do monta\u017cu ekranu na \u015bcianie lub suficie. Wtedy docenisz prost\u0105 konstrukcj\u0119 stojaka. <\/div>\t\t\t\t<\/div>\n\t\t\t\t<\/div>\n\t\t\t\t<\/div>\n\t\t\t\t<\/div>\n\t\t\t\t<div class=\"elementor-element elementor-element-aa60e49 prod-thumb elementor-widget elementor-widget-image\" data-id=\"aa60e49\" data-element_type=\"widget\" data-widget_type=\"image.default\">\n\t\t\t\t<div class=\"elementor-widget-container\">\n\t\t\t\t\t\t\t\t\t\t\t\t\t\t\t<img fetchpriority=\"high\" decoding=\"async\" width=\"800\" height=\"800\" src=\"https:\/\/www.bullstone.cz\/wp-content\/uploads\/2024\/10\/slideshow_accessorie_.svg\" class=\"attachment-large size-large wp-image-2546\" alt=\"\" \/>\t\t\t\t\t\t\t\t\t\t\t\t\t\t\t<\/div>\n\t\t\t\t<\/div>\n\t\t\t\t\t<\/div>\n\t\t\t\t<\/div>\n\t\t<div class=\"elementor-element elementor-element-ddb5e70 e-grid product-grid e-con-boxed e-con e-parent\" data-id=\"ddb5e70\" data-element_type=\"container\">\n\t\t\t\t\t<div class=\"e-con-inner\">\n\t\t\t\t<div class=\"elementor-element elementor-element-d2d1861 prod-thumb elementor-widget elementor-widget-image\" data-id=\"d2d1861\" data-element_type=\"widget\" data-widget_type=\"image.default\">\n\t\t\t\t<div class=\"elementor-widget-container\">\n\t\t\t\t\t\t\t\t\t\t\t\t\t\t\t<img fetchpriority=\"high\" decoding=\"async\" width=\"800\" height=\"800\" src=\"https:\/\/www.bullstone.cz\/wp-content\/uploads\/2024\/10\/slideshow_accessorie_.svg\" class=\"attachment-large size-large wp-image-2546\" alt=\"\" \/>\t\t\t\t\t\t\t\t\t\t\t\t\t\t\t<\/div>\n\t\t\t\t<\/div>\n\t\t<div class=\"elementor-element elementor-element-8ba9630 e-con-full e-flex e-con e-child\" data-id=\"8ba9630\" data-element_type=\"container\">\n\t\t\t\t<div class=\"elementor-element elementor-element-dbf9ef0 slideshow_title elementor-widget elementor-widget-heading\" data-id=\"dbf9ef0\" data-element_type=\"widget\" data-widget_type=\"heading.default\">\n\t\t\t\t<div class=\"elementor-widget-container\">\n\t\t\t\t\t<h3 class=\"elementor-heading-title elementor-size-default\">Taca na lokalizatory<\/h3>\t\t\t\t<\/div>\n\t\t\t\t<\/div>\n\t\t<div class=\"elementor-element elementor-element-ec9a00a e-con-full e-flex e-con e-child\" data-id=\"ec9a00a\" data-element_type=\"container\">\n\t\t\t\t<div class=\"elementor-element elementor-element-6374e7d elementor-widget elementor-widget-heading\" data-id=\"6374e7d\" data-element_type=\"widget\" data-widget_type=\"heading.default\">\n\t\t\t\t<div class=\"elementor-widget-container\">\n\t\t\t\t\t<div class=\"elementor-heading-title elementor-size-default\">Coraz wi\u0119cej klient\u00f3w stara si\u0119 zmieni\u0107 swoje lokale, aby pracownicy mogli skupi\u0107 si\u0119 na przygotowywaniu posi\u0142k\u00f3w. Dostawa jest wtedy realizowana przez roboty. Aby dobrze ci\u0119 znale\u017a\u0107, potrzebuj\u0105 lokalizatora, kt\u00f3ry mo\u017cna \u0142atwo znale\u017a\u0107 w kiosku o \u0142adnym wygl\u0105dzie.    <\/div>\t\t\t\t<\/div>\n\t\t\t\t<\/div>\n\t\t\t\t<\/div>\n\t\t\t\t<\/div>\n\t\t\t\t\t<\/div>\n\t\t\t\t<\/div>\n\t\t<div class=\"elementor-element elementor-element-32bd02e e-flex e-con-boxed e-con e-parent\" data-id=\"32bd02e\" data-element_type=\"container\" data-settings=\"{&quot;background_background&quot;:&quot;classic&quot;}\">\n\t\t\t\t\t<div class=\"e-con-inner\">\n\t\t\t\t<div class=\"elementor-element elementor-element-135f393 elementor-widget elementor-widget-heading\" data-id=\"135f393\" data-element_type=\"widget\" data-widget_type=\"heading.default\">\n\t\t\t\t<div class=\"elementor-widget-container\">\n\t\t\t\t\t<h2 class=\"elementor-heading-title elementor-size-default\">Potrzebujesz porady?\n<\/h2>\t\t\t\t<\/div>\n\t\t\t\t<\/div>\n\t\t<div class=\"elementor-element elementor-element-2bd0ba1 e-con-full e-grid e-con e-child\" data-id=\"2bd0ba1\" data-element_type=\"container\">\n\t\t\t\t<div class=\"elementor-element elementor-element-c73a09f elementor-widget__width-initial elementor-widget elementor-widget-heading\" data-id=\"c73a09f\" data-element_type=\"widget\" data-widget_type=\"heading.default\">\n\t\t\t\t<div class=\"elementor-widget-container\">\n\t\t\t\t\t<div class=\"elementor-heading-title elementor-size-default\">Nie wahaj si\u0119 z&nbsp;nami skontaktowa\u0107.\nCh\u0119tnie Ci pomo\u017cemy.\n<\/div>\t\t\t\t<\/div>\n\t\t\t\t<\/div>\n\t\t\t\t<div class=\"elementor-element elementor-element-879e28d elementor-align-right elementor-mobile-align-center elementor-widget elementor-widget-button\" data-id=\"879e28d\" data-element_type=\"widget\" data-widget_type=\"button.default\">\n\t\t\t\t<div class=\"elementor-widget-container\">\n\t\t\t\t\t\t\t\t\t<div class=\"elementor-button-wrapper\">\n\t\t\t\t\t<a class=\"elementor-button elementor-button-link elementor-size-sm\" href=\"https:\/\/www.bullstone.cz\/pl\/kontakt\/\">\n\t\t\t\t\t\t<span class=\"elementor-button-content-wrapper\">\n\t\t\t\t\t\t\t\t\t<span class=\"elementor-button-text\">Skontaktuj si\u0119 z&nbsp;nami<\/span>\n\t\t\t\t\t<\/span>\n\t\t\t\t\t<\/a>\n\t\t\t\t<\/div>\n\t\t\t\t\t\t\t\t<\/div>\n\t\t\t\t<\/div>\n\t\t\t\t<\/div>\n\t\t\t\t\t<\/div>\n\t\t\t\t<\/div>\n\t\t\t\t<\/div>\n\t\t","protected":false},"excerpt":{"rendered":"<p>Akcesoria AKCESORIADLA KIOSK\u00d3W sprytnie rozszerza mo\u017cliwo\u015bci dalszego wykorzystania kiosk\u00f3w Akcesoria otrzymuj\u0105 r\u00f3wnie\u017c swoje imiona i wybieramy je zgodnie z&nbsp;tym, kogo przypominaj\u0105 nam z&nbsp;dzieci\u0144stwa. Jeden z&nbsp;nas przypomnia\u0142 sobie historie z&nbsp;dzieci\u0144stwa z&nbsp;telewizji, inny posta\u0107 z&nbsp;popularnego czeskiego filmu docenionego za granic\u0105, jeszcze inny koleg\u0119 z&nbsp;pierwszej klasy. Bullplayer Odtwarzacz Linux dostarczony przez Hudy Ray zapewnia stabilne dzia\u0142anie kiosk\u00f3w samoobs\u0142ugowych [&hellip;]<\/p>\n","protected":false},"author":1,"featured_media":0,"parent":0,"menu_order":0,"comment_status":"closed","ping_status":"closed","template":"","meta":{"_acf_changed":false,"footnotes":""},"class_list":["post-2544","page","type-page","status-publish","hentry"],"acf":[],"_links":{"self":[{"href":"https:\/\/www.bullstone.cz\/pl\/wp-json\/wp\/v2\/pages\/2544","targetHints":{"allow":["GET"]}}],"collection":[{"href":"https:\/\/www.bullstone.cz\/pl\/wp-json\/wp\/v2\/pages"}],"about":[{"href":"https:\/\/www.bullstone.cz\/pl\/wp-json\/wp\/v2\/types\/page"}],"author":[{"embeddable":true,"href":"https:\/\/www.bullstone.cz\/pl\/wp-json\/wp\/v2\/users\/1"}],"replies":[{"embeddable":true,"href":"https:\/\/www.bullstone.cz\/pl\/wp-json\/wp\/v2\/comments?post=2544"}],"version-history":[{"count":1,"href":"https:\/\/www.bullstone.cz\/pl\/wp-json\/wp\/v2\/pages\/2544\/revisions"}],"predecessor-version":[{"id":2547,"href":"https:\/\/www.bullstone.cz\/pl\/wp-json\/wp\/v2\/pages\/2544\/revisions\/2547"}],"wp:attachment":[{"href":"https:\/\/www.bullstone.cz\/pl\/wp-json\/wp\/v2\/media?parent=2544"}],"curies":[{"name":"wp","href":"https:\/\/api.w.org\/{rel}","templated":true}]}}