{"id":2556,"date":"2024-05-25T15:56:25","date_gmt":"2024-05-25T13:56:25","guid":{"rendered":"https:\/\/www.bullstone.cz\/prislusenstvo\/"},"modified":"2025-10-10T11:54:28","modified_gmt":"2025-10-10T09:54:28","slug":"prislusenstvo","status":"publish","type":"page","link":"https:\/\/www.bullstone.cz\/sk\/prislusenstvo\/","title":{"rendered":"Pr\u00edslu\u0161enstvo"},"content":{"rendered":"\t\t<div data-elementor-type=\"wp-page\" data-elementor-id=\"2556\" class=\"elementor elementor-2556 elementor-9\" data-elementor-post-type=\"page\">\n\t\t\t\t<div class=\"elementor-element elementor-element-d1f5da3 e-con-full e-flex e-con e-parent\" data-id=\"d1f5da3\" data-element_type=\"container\" data-settings=\"{&quot;background_background&quot;:&quot;classic&quot;}\">\n\t\t<div class=\"elementor-element elementor-element-a8c319f e-flex e-con-boxed e-con e-child\" data-id=\"a8c319f\" data-element_type=\"container\" data-settings=\"{&quot;background_background&quot;:&quot;classic&quot;}\">\n\t\t\t\t\t<div class=\"e-con-inner\">\n\t\t\t\t<div class=\"elementor-element elementor-element-2b9d26a elementor-widget elementor-widget-heading\" data-id=\"2b9d26a\" data-element_type=\"widget\" data-widget_type=\"heading.default\">\n\t\t\t\t<div class=\"elementor-widget-container\">\n\t\t\t\t\t<div class=\"elementor-heading-title elementor-size-default\">Pr\u00edslu\u0161enstvo<\/div>\t\t\t\t<\/div>\n\t\t\t\t<\/div>\n\t\t\t\t<div class=\"elementor-element elementor-element-57a33ba elementor-widget__width-initial elementor-widget elementor-widget-heading\" data-id=\"57a33ba\" data-element_type=\"widget\" data-widget_type=\"heading.default\">\n\t\t\t\t<div class=\"elementor-widget-container\">\n\t\t\t\t\t<h1 class=\"elementor-heading-title elementor-size-default\">PR\u00cdSLU\u0160ENSTVO<br>PRE KIOSKY<\/h1>\t\t\t\t<\/div>\n\t\t\t\t<\/div>\n\t\t\t\t<div class=\"elementor-element elementor-element-ccc0d96 elementor-widget__width-initial elementor-widget elementor-widget-heading\" data-id=\"ccc0d96\" data-element_type=\"widget\" data-widget_type=\"heading.default\">\n\t\t\t\t<div class=\"elementor-widget-container\">\n\t\t\t\t\t<div class=\"elementor-heading-title elementor-size-default\">\u0161ikovne roz\u0161iruje mo\u017enosti \u010fal\u0161ieho vyu\u017eitia kioskov<\/div>\t\t\t\t<\/div>\n\t\t\t\t<\/div>\n\t\t\t\t\t<\/div>\n\t\t\t\t<\/div>\n\t\t\t\t<\/div>\n\t\t<div class=\"elementor-element elementor-element-f736d3a e-flex e-con-boxed e-con e-parent\" data-id=\"f736d3a\" data-element_type=\"container\">\n\t\t\t\t\t<div class=\"e-con-inner\">\n\t\t\t\t<div class=\"elementor-element elementor-element-b9a961a elementor-widget__width-initial elementor-widget elementor-widget-heading\" data-id=\"b9a961a\" data-element_type=\"widget\" data-widget_type=\"heading.default\">\n\t\t\t\t<div class=\"elementor-widget-container\">\n\t\t\t\t\t<div class=\"elementor-heading-title elementor-size-default\">Aj doplnky dost\u00e1vaj\u00fa svoje men\u00e1 a vyber\u00e1me ich pod\u013ea toho, koho n\u00e1m pripom\u00ednaj\u00fa z&nbsp;detstva.<\/div>\t\t\t\t<\/div>\n\t\t\t\t<\/div>\n\t\t\t\t<div class=\"elementor-element elementor-element-0eb03c8 elementor-widget__width-initial elementor-widget elementor-widget-text-editor\" data-id=\"0eb03c8\" data-element_type=\"widget\" data-widget_type=\"text-editor.default\">\n\t\t\t\t<div class=\"elementor-widget-container\">\n\t\t\t\t\t\t\t\t\t<p>Jeden z&nbsp;n\u00e1s si spomenul na pr\u00edbehy z&nbsp;detstva z&nbsp;telev\u00edzie, in\u00fd na postavu z&nbsp;popul\u00e1rneho \u010desk\u00e9ho filmu oce\u0148ovan\u00e9ho v&nbsp;zahrani\u010d\u00ed, \u010fal\u0161\u00ed na spolu\u017eiaka z&nbsp;prvej triedy.<\/p>\t\t\t\t\t\t\t\t<\/div>\n\t\t\t\t<\/div>\n\t\t\t\t\t<\/div>\n\t\t\t\t<\/div>\n\t\t<div class=\"elementor-element elementor-element-4715800 e-grid product-grid e-con-boxed e-con e-parent\" data-id=\"4715800\" data-element_type=\"container\">\n\t\t\t\t\t<div class=\"e-con-inner\">\n\t\t\t\t<div class=\"elementor-element elementor-element-ca62ddb prod-thumb elementor-widget elementor-widget-image\" data-id=\"ca62ddb\" data-element_type=\"widget\" data-widget_type=\"image.default\">\n\t\t\t\t<div class=\"elementor-widget-container\">\n\t\t\t\t\t\t\t\t\t\t\t\t\t\t\t<img fetchpriority=\"high\" decoding=\"async\" width=\"800\" height=\"800\" src=\"https:\/\/www.bullstone.cz\/wp-content\/uploads\/2024\/10\/slideshow_accessorie_.svg\" class=\"attachment-large size-large wp-image-2558\" alt=\"\" \/>\t\t\t\t\t\t\t\t\t\t\t\t\t\t\t<\/div>\n\t\t\t\t<\/div>\n\t\t<div class=\"elementor-element elementor-element-8e90f08 e-con-full e-flex e-con e-child\" data-id=\"8e90f08\" data-element_type=\"container\">\n\t\t\t\t<div class=\"elementor-element elementor-element-3a5e8de slideshow_title elementor-widget elementor-widget-heading\" data-id=\"3a5e8de\" data-element_type=\"widget\" data-widget_type=\"heading.default\">\n\t\t\t\t<div class=\"elementor-widget-container\">\n\t\t\t\t\t<h3 class=\"elementor-heading-title elementor-size-default\">Bullplayer<\/h3>\t\t\t\t<\/div>\n\t\t\t\t<\/div>\n\t\t<div class=\"elementor-element elementor-element-d15c69d e-con-full e-flex e-con e-child\" data-id=\"d15c69d\" data-element_type=\"container\">\n\t\t\t\t<div class=\"elementor-element elementor-element-b3feb95 elementor-widget elementor-widget-heading\" data-id=\"b3feb95\" data-element_type=\"widget\" data-widget_type=\"heading.default\">\n\t\t\t\t<div class=\"elementor-widget-container\">\n\t\t\t\t\t<div class=\"elementor-heading-title elementor-size-default\">Prehr\u00e1va\u010d Linux dod\u00e1van\u00fd spolo\u010dnos\u0165ou Hudy Ray na stabiln\u00fa prev\u00e1dzku samoobslu\u017en\u00fdch kioskov alebo in\u00fdch zariaden\u00ed<\/div>\t\t\t\t<\/div>\n\t\t\t\t<\/div>\n\t\t\t\t<\/div>\n\t\t\t\t<\/div>\n\t\t\t\t\t<\/div>\n\t\t\t\t<\/div>\n\t\t<div class=\"elementor-element elementor-element-80ee359 e-grid product-grid e-con-boxed e-con e-parent\" data-id=\"80ee359\" data-element_type=\"container\">\n\t\t\t\t\t<div class=\"e-con-inner\">\n\t\t<div class=\"elementor-element elementor-element-941cbac e-con-full e-flex e-con e-child\" data-id=\"941cbac\" data-element_type=\"container\">\n\t\t\t\t<div class=\"elementor-element elementor-element-a294b23 slideshow_title elementor-widget elementor-widget-heading\" data-id=\"a294b23\" data-element_type=\"widget\" data-widget_type=\"heading.default\">\n\t\t\t\t<div class=\"elementor-widget-container\">\n\t\t\t\t\t<h3 class=\"elementor-heading-title elementor-size-default\">Kvetin\u00e1\u010d<\/h3>\t\t\t\t<\/div>\n\t\t\t\t<\/div>\n\t\t<div class=\"elementor-element elementor-element-e175dbd e-con-full e-flex e-con e-child\" data-id=\"e175dbd\" data-element_type=\"container\">\n\t\t\t\t<div class=\"elementor-element elementor-element-a23761d elementor-widget elementor-widget-heading\" data-id=\"a23761d\" data-element_type=\"widget\" data-widget_type=\"heading.default\">\n\t\t\t\t<div class=\"elementor-widget-container\">\n\t\t\t\t\t<div class=\"elementor-heading-title elementor-size-default\">Kvetin\u00e1\u010d dod\u00e1va kiosku svie\u017ei dizajn a o\u017eivuje jeho okolie.<\/div>\t\t\t\t<\/div>\n\t\t\t\t<\/div>\n\t\t\t\t<\/div>\n\t\t\t\t<\/div>\n\t\t\t\t<div class=\"elementor-element elementor-element-2e6a0f4 prod-thumb elementor-widget elementor-widget-image\" data-id=\"2e6a0f4\" data-element_type=\"widget\" data-widget_type=\"image.default\">\n\t\t\t\t<div class=\"elementor-widget-container\">\n\t\t\t\t\t\t\t\t\t\t\t\t\t\t\t<img fetchpriority=\"high\" decoding=\"async\" width=\"800\" height=\"800\" src=\"https:\/\/www.bullstone.cz\/wp-content\/uploads\/2024\/10\/slideshow_accessorie_.svg\" class=\"attachment-large size-large wp-image-2558\" alt=\"\" \/>\t\t\t\t\t\t\t\t\t\t\t\t\t\t\t<\/div>\n\t\t\t\t<\/div>\n\t\t\t\t\t<\/div>\n\t\t\t\t<\/div>\n\t\t<div class=\"elementor-element elementor-element-f49fd91 e-grid product-grid e-con-boxed e-con e-parent\" data-id=\"f49fd91\" data-element_type=\"container\">\n\t\t\t\t\t<div class=\"e-con-inner\">\n\t\t\t\t<div class=\"elementor-element elementor-element-7d78aff prod-thumb elementor-widget elementor-widget-image\" data-id=\"7d78aff\" data-element_type=\"widget\" data-widget_type=\"image.default\">\n\t\t\t\t<div class=\"elementor-widget-container\">\n\t\t\t\t\t\t\t\t\t\t\t\t\t\t\t<img fetchpriority=\"high\" decoding=\"async\" width=\"800\" height=\"800\" src=\"https:\/\/www.bullstone.cz\/wp-content\/uploads\/2024\/10\/slideshow_accessorie_.svg\" class=\"attachment-large size-large wp-image-2558\" alt=\"\" \/>\t\t\t\t\t\t\t\t\t\t\t\t\t\t\t<\/div>\n\t\t\t\t<\/div>\n\t\t<div class=\"elementor-element elementor-element-c179cf2 e-con-full e-flex e-con e-child\" data-id=\"c179cf2\" data-element_type=\"container\">\n\t\t\t\t<div class=\"elementor-element elementor-element-16af644 slideshow_title elementor-widget elementor-widget-heading\" data-id=\"16af644\" data-element_type=\"widget\" data-widget_type=\"heading.default\">\n\t\t\t\t<div class=\"elementor-widget-container\">\n\t\t\t\t\t<h3 class=\"elementor-heading-title elementor-size-default\">Odpadkov\u00fd k\u00f4\u0161<\/h3>\t\t\t\t<\/div>\n\t\t\t\t<\/div>\n\t\t<div class=\"elementor-element elementor-element-28cdefd e-con-full e-flex e-con e-child\" data-id=\"28cdefd\" data-element_type=\"container\">\n\t\t\t\t<div class=\"elementor-element elementor-element-ae3b82a elementor-widget elementor-widget-heading\" data-id=\"ae3b82a\" data-element_type=\"widget\" data-widget_type=\"heading.default\">\n\t\t\t\t<div class=\"elementor-widget-container\">\n\t\t\t\t\t<div class=\"elementor-heading-title elementor-size-default\">Praktick\u00fd pomocn\u00edk, ktor\u00fd \u0161etr\u00ed miesto a \u010das.<\/div>\t\t\t\t<\/div>\n\t\t\t\t<\/div>\n\t\t\t\t<\/div>\n\t\t\t\t<\/div>\n\t\t\t\t\t<\/div>\n\t\t\t\t<\/div>\n\t\t<div class=\"elementor-element elementor-element-b40d917 e-grid product-grid e-con-boxed e-con e-parent\" data-id=\"b40d917\" data-element_type=\"container\">\n\t\t\t\t\t<div class=\"e-con-inner\">\n\t\t<div class=\"elementor-element elementor-element-f391a16 e-con-full e-flex e-con e-child\" data-id=\"f391a16\" data-element_type=\"container\">\n\t\t\t\t<div class=\"elementor-element elementor-element-53aab82 slideshow_title elementor-widget elementor-widget-heading\" data-id=\"53aab82\" data-element_type=\"widget\" data-widget_type=\"heading.default\">\n\t\t\t\t<div class=\"elementor-widget-container\">\n\t\t\t\t\t<h3 class=\"elementor-heading-title elementor-size-default\">Stojan na obrazovku<\/h3>\t\t\t\t<\/div>\n\t\t\t\t<\/div>\n\t\t<div class=\"elementor-element elementor-element-b6640fc e-con-full e-flex e-con e-child\" data-id=\"b6640fc\" data-element_type=\"container\">\n\t\t\t\t<div class=\"elementor-element elementor-element-566abfc elementor-widget elementor-widget-heading\" data-id=\"566abfc\" data-element_type=\"widget\" data-widget_type=\"heading.default\">\n\t\t\t\t<div class=\"elementor-widget-container\">\n\t\t\t\t\t<div class=\"elementor-heading-title elementor-size-default\">Nie ka\u017ed\u00fd priestor je vhodn\u00fd pre n\u00e1stenn\u00fa alebo stropn\u00fa obrazovku. Potom ocen\u00edte jednoduch\u00fd dizajn stojana. <\/div>\t\t\t\t<\/div>\n\t\t\t\t<\/div>\n\t\t\t\t<\/div>\n\t\t\t\t<\/div>\n\t\t\t\t<div class=\"elementor-element elementor-element-aa60e49 prod-thumb elementor-widget elementor-widget-image\" data-id=\"aa60e49\" data-element_type=\"widget\" data-widget_type=\"image.default\">\n\t\t\t\t<div class=\"elementor-widget-container\">\n\t\t\t\t\t\t\t\t\t\t\t\t\t\t\t<img fetchpriority=\"high\" decoding=\"async\" width=\"800\" height=\"800\" src=\"https:\/\/www.bullstone.cz\/wp-content\/uploads\/2024\/10\/slideshow_accessorie_.svg\" class=\"attachment-large size-large wp-image-2558\" alt=\"\" \/>\t\t\t\t\t\t\t\t\t\t\t\t\t\t\t<\/div>\n\t\t\t\t<\/div>\n\t\t\t\t\t<\/div>\n\t\t\t\t<\/div>\n\t\t<div class=\"elementor-element elementor-element-ddb5e70 e-grid product-grid e-con-boxed e-con e-parent\" data-id=\"ddb5e70\" data-element_type=\"container\">\n\t\t\t\t\t<div class=\"e-con-inner\">\n\t\t\t\t<div class=\"elementor-element elementor-element-d2d1861 prod-thumb elementor-widget elementor-widget-image\" data-id=\"d2d1861\" data-element_type=\"widget\" data-widget_type=\"image.default\">\n\t\t\t\t<div class=\"elementor-widget-container\">\n\t\t\t\t\t\t\t\t\t\t\t\t\t\t\t<img fetchpriority=\"high\" decoding=\"async\" width=\"800\" height=\"800\" src=\"https:\/\/www.bullstone.cz\/wp-content\/uploads\/2024\/10\/slideshow_accessorie_.svg\" class=\"attachment-large size-large wp-image-2558\" alt=\"\" \/>\t\t\t\t\t\t\t\t\t\t\t\t\t\t\t<\/div>\n\t\t\t\t<\/div>\n\t\t<div class=\"elementor-element elementor-element-8ba9630 e-con-full e-flex e-con e-child\" data-id=\"8ba9630\" data-element_type=\"container\">\n\t\t\t\t<div class=\"elementor-element elementor-element-dbf9ef0 slideshow_title elementor-widget elementor-widget-heading\" data-id=\"dbf9ef0\" data-element_type=\"widget\" data-widget_type=\"heading.default\">\n\t\t\t\t<div class=\"elementor-widget-container\">\n\t\t\t\t\t<h3 class=\"elementor-heading-title elementor-size-default\">Z\u00e1sobn\u00edk pre lok\u00e1tory<\/h3>\t\t\t\t<\/div>\n\t\t\t\t<\/div>\n\t\t<div class=\"elementor-element elementor-element-ec9a00a e-con-full e-flex e-con e-child\" data-id=\"ec9a00a\" data-element_type=\"container\">\n\t\t\t\t<div class=\"elementor-element elementor-element-6374e7d elementor-widget elementor-widget-heading\" data-id=\"6374e7d\" data-element_type=\"widget\" data-widget_type=\"heading.default\">\n\t\t\t\t<div class=\"elementor-widget-container\">\n\t\t\t\t\t<div class=\"elementor-heading-title elementor-size-default\">\u010coraz viac z\u00e1kazn\u00edkov sa sna\u017e\u00ed zmeni\u0165 priestory, aby sa person\u00e1l mohol s\u00fastredi\u0165 na pr\u00edpravu jedla. Rozvoz potom zabezpe\u010duj\u00fa roboty. Aby v\u00e1s dobre na\u0161li, potrebuj\u00fa lok\u00e1tor, a ten n\u00e1jdete \u013eahko a op\u00e4\u0165 v&nbsp;peknom dizajne v&nbsp;kiosku.    <\/div>\t\t\t\t<\/div>\n\t\t\t\t<\/div>\n\t\t\t\t<\/div>\n\t\t\t\t<\/div>\n\t\t\t\t\t<\/div>\n\t\t\t\t<\/div>\n\t\t<div class=\"elementor-element elementor-element-32bd02e e-flex e-con-boxed e-con e-parent\" data-id=\"32bd02e\" data-element_type=\"container\" data-settings=\"{&quot;background_background&quot;:&quot;classic&quot;}\">\n\t\t\t\t\t<div class=\"e-con-inner\">\n\t\t\t\t<div class=\"elementor-element elementor-element-135f393 elementor-widget elementor-widget-heading\" data-id=\"135f393\" data-element_type=\"widget\" data-widget_type=\"heading.default\">\n\t\t\t\t<div class=\"elementor-widget-container\">\n\t\t\t\t\t<h2 class=\"elementor-heading-title elementor-size-default\">Potrebujete poradi\u0165?\n<\/h2>\t\t\t\t<\/div>\n\t\t\t\t<\/div>\n\t\t<div class=\"elementor-element elementor-element-2bd0ba1 e-con-full e-grid e-con e-child\" data-id=\"2bd0ba1\" data-element_type=\"container\">\n\t\t\t\t<div class=\"elementor-element elementor-element-c73a09f elementor-widget__width-initial elementor-widget elementor-widget-heading\" data-id=\"c73a09f\" data-element_type=\"widget\" data-widget_type=\"heading.default\">\n\t\t\t\t<div class=\"elementor-widget-container\">\n\t\t\t\t\t<div class=\"elementor-heading-title elementor-size-default\">Nev\u00e1hajte n\u00e1s kontaktova\u0165.\nRadi v\u00e1m pom\u00f4\u017eeme.\n<\/div>\t\t\t\t<\/div>\n\t\t\t\t<\/div>\n\t\t\t\t<div class=\"elementor-element elementor-element-879e28d elementor-align-right elementor-mobile-align-center elementor-widget elementor-widget-button\" data-id=\"879e28d\" data-element_type=\"widget\" data-widget_type=\"button.default\">\n\t\t\t\t<div class=\"elementor-widget-container\">\n\t\t\t\t\t\t\t\t\t<div class=\"elementor-button-wrapper\">\n\t\t\t\t\t<a class=\"elementor-button elementor-button-link elementor-size-sm\" href=\"https:\/\/www.bullstone.cz\/sk\/kontakt\/\">\n\t\t\t\t\t\t<span class=\"elementor-button-content-wrapper\">\n\t\t\t\t\t\t\t\t\t<span class=\"elementor-button-text\">Kontaktujte n\u00e1s<\/span>\n\t\t\t\t\t<\/span>\n\t\t\t\t\t<\/a>\n\t\t\t\t<\/div>\n\t\t\t\t\t\t\t\t<\/div>\n\t\t\t\t<\/div>\n\t\t\t\t<\/div>\n\t\t\t\t\t<\/div>\n\t\t\t\t<\/div>\n\t\t\t\t<\/div>\n\t\t","protected":false},"excerpt":{"rendered":"<p>Pr\u00edslu\u0161enstvo PR\u00cdSLU\u0160ENSTVOPRE KIOSKY \u0161ikovne roz\u0161iruje mo\u017enosti \u010fal\u0161ieho vyu\u017eitia kioskov Aj doplnky dost\u00e1vaj\u00fa svoje men\u00e1 a vyber\u00e1me ich pod\u013ea toho, koho n\u00e1m pripom\u00ednaj\u00fa z&nbsp;detstva. Jeden z&nbsp;n\u00e1s si spomenul na pr\u00edbehy z&nbsp;detstva z&nbsp;telev\u00edzie, in\u00fd na postavu z&nbsp;popul\u00e1rneho \u010desk\u00e9ho filmu oce\u0148ovan\u00e9ho v&nbsp;zahrani\u010d\u00ed, \u010fal\u0161\u00ed na spolu\u017eiaka z&nbsp;prvej triedy. Bullplayer Prehr\u00e1va\u010d Linux dod\u00e1van\u00fd spolo\u010dnos\u0165ou Hudy Ray na stabiln\u00fa prev\u00e1dzku samoobslu\u017en\u00fdch [&hellip;]<\/p>\n","protected":false},"author":1,"featured_media":0,"parent":0,"menu_order":0,"comment_status":"closed","ping_status":"closed","template":"","meta":{"_acf_changed":false,"footnotes":""},"class_list":["post-2556","page","type-page","status-publish","hentry"],"acf":[],"_links":{"self":[{"href":"https:\/\/www.bullstone.cz\/sk\/wp-json\/wp\/v2\/pages\/2556","targetHints":{"allow":["GET"]}}],"collection":[{"href":"https:\/\/www.bullstone.cz\/sk\/wp-json\/wp\/v2\/pages"}],"about":[{"href":"https:\/\/www.bullstone.cz\/sk\/wp-json\/wp\/v2\/types\/page"}],"author":[{"embeddable":true,"href":"https:\/\/www.bullstone.cz\/sk\/wp-json\/wp\/v2\/users\/1"}],"replies":[{"embeddable":true,"href":"https:\/\/www.bullstone.cz\/sk\/wp-json\/wp\/v2\/comments?post=2556"}],"version-history":[{"count":1,"href":"https:\/\/www.bullstone.cz\/sk\/wp-json\/wp\/v2\/pages\/2556\/revisions"}],"predecessor-version":[{"id":2559,"href":"https:\/\/www.bullstone.cz\/sk\/wp-json\/wp\/v2\/pages\/2556\/revisions\/2559"}],"wp:attachment":[{"href":"https:\/\/www.bullstone.cz\/sk\/wp-json\/wp\/v2\/media?parent=2556"}],"curies":[{"name":"wp","href":"https:\/\/api.w.org\/{rel}","templated":true}]}}